{"id":1639,"date":"2024-03-25T20:28:46","date_gmt":"2024-03-26T00:28:46","guid":{"rendered":"https:\/\/biochaco.org\/?page_id=1639"},"modified":"2024-10-07T11:57:50","modified_gmt":"2024-10-07T15:57:50","slug":"programas","status":"publish","type":"page","link":"https:\/\/biochaco.org\/en\/programas\/","title":{"rendered":"Programs"},"content":{"rendered":"<div data-elementor-type=\"wp-page\" data-elementor-id=\"1639\" class=\"elementor elementor-1639\" data-elementor-post-type=\"page\">\n\t\t\t\t<div class=\"elementor-element elementor-element-840985a e-flex e-con-boxed e-con e-parent\" data-id=\"840985a\" data-element_type=\"container\" data-settings=\"{&quot;background_background&quot;:&quot;classic&quot;}\" data-core-v316-plus=\"true\">\n\t\t\t\t\t<div class=\"e-con-inner\">\n\t\t<div class=\"elementor-element elementor-element-f095a6a e-con-full e-flex e-con e-child\" data-id=\"f095a6a\" data-element_type=\"container\">\n\t\t<div class=\"elementor-element elementor-element-ad10ebb e-con-full e-flex e-con e-child\" data-id=\"ad10ebb\" data-element_type=\"container\">\n\t\t<div class=\"elementor-element elementor-element-e941dd6 e-con-full e-flex e-con e-child\" data-id=\"e941dd6\" data-element_type=\"container\">\n\t\t\t\t<div class=\"elementor-element elementor-element-d0ec912 elementor-widget elementor-widget-heading\" data-id=\"d0ec912\" data-element_type=\"widget\" data-widget_type=\"heading.default\">\n\t\t\t\t<div class=\"elementor-widget-container\">\n\t\t\t<style>\/*! elementor - v3.20.0 - 11-03-2024 *\/\n.elementor-heading-title{padding:0;margin:0;line-height:1}.elementor-widget-heading .elementor-heading-title[class*=elementor-size-]>a{color:inherit;font-size:inherit;line-height:inherit}.elementor-widget-heading .elementor-heading-title.elementor-size-small{font-size:15px}.elementor-widget-heading .elementor-heading-title.elementor-size-medium{font-size:19px}.elementor-widget-heading .elementor-heading-title.elementor-size-large{font-size:29px}.elementor-widget-heading .elementor-heading-title.elementor-size-xl{font-size:39px}.elementor-widget-heading .elementor-heading-title.elementor-size-xxl{font-size:59px}<\/style><h6 class=\"elementor-heading-title elementor-size-default\">PROGRAMS<\/h6>\t\t<\/div>\n\t\t\t\t<\/div>\n\t\t\t\t<div class=\"elementor-element elementor-element-8d79116 elementor-widget elementor-widget-heading\" data-id=\"8d79116\" data-element_type=\"widget\" data-widget_type=\"heading.default\">\n\t\t\t\t<div class=\"elementor-widget-container\">\n\t\t\t<h2 class=\"elementor-heading-title elementor-size-default\">Explore our wildlife programs in the Chaco<\/h2>\t\t<\/div>\n\t\t\t\t<\/div>\n\t\t\t\t<\/div>\n\t\t\t\t<\/div>\n\t\t\t\t<\/div>\n\t\t\t\t\t<\/div>\n\t\t\t\t<\/div>\n\t\t<div class=\"elementor-element elementor-element-f263080 e-flex e-con-boxed e-con e-parent\" data-id=\"f263080\" data-element_type=\"container\" data-core-v316-plus=\"true\">\n\t\t\t\t\t<div class=\"e-con-inner\">\n\t\t\t\t<div class=\"elementor-element elementor-element-cba58bb elementor-grid-eael-col-3 elementor-grid-tablet-eael-col-2 elementor-grid-mobile-eael-col-1 elementor-widget elementor-widget-eael-post-grid\" data-id=\"cba58bb\" data-element_type=\"widget\" data-settings=\"{&quot;eael_post_grid_columns&quot;:&quot;eael-col-3&quot;,&quot;eael_post_grid_columns_tablet&quot;:&quot;eael-col-2&quot;,&quot;eael_post_grid_columns_mobile&quot;:&quot;eael-col-1&quot;}\" data-widget_type=\"eael-post-grid.default\">\n\t\t\t\t<div class=\"elementor-widget-container\">\n\t\t\t<div id=\"eael-post-grid-cba58bb\" class=\"eael-post-grid-container\">\n            <div class=\"eael-post-grid eael-post-appender eael-post-appender-cba58bb eael-post-grid-style-default\" data-layout-mode=\"grid\"><article class=\"eael-grid-post eael-post-grid-column\" data-id=\"3144\">\n        <div class=\"eael-grid-post-holder\">\n            <div class=\"eael-grid-post-holder-inner\"><div class=\"eael-entry-media\"><div class=\"eael-entry-overlay none\"><i class=\"fas fa-long-arrow-alt-right\" aria-hidden=\"true\"><\/i><a href=\"https:\/\/biochaco.org\/en\/conservacion-condor-andino-pilcomayeno\/\"><\/a><\/div><div class=\"eael-entry-thumbnail\">\n                <img fetchpriority=\"high\" decoding=\"async\" width=\"300\" height=\"225\" src=\"https:\/\/biochaco.org\/wp-content\/uploads\/2024\/03\/PHOTO-2024-06-29-14-01-43-300x225.jpg\" class=\"attachment-medium size-medium wp-image-3128\" alt=\"\" srcset=\"https:\/\/biochaco.org\/wp-content\/uploads\/2024\/03\/PHOTO-2024-06-29-14-01-43-300x225.jpg 300w, https:\/\/biochaco.org\/wp-content\/uploads\/2024\/03\/PHOTO-2024-06-29-14-01-43-1024x768.jpg 1024w, https:\/\/biochaco.org\/wp-content\/uploads\/2024\/03\/PHOTO-2024-06-29-14-01-43-768x576.jpg 768w, https:\/\/biochaco.org\/wp-content\/uploads\/2024\/03\/PHOTO-2024-06-29-14-01-43-16x12.jpg 16w, https:\/\/biochaco.org\/wp-content\/uploads\/2024\/03\/PHOTO-2024-06-29-14-01-43-600x450.jpg 600w, https:\/\/biochaco.org\/wp-content\/uploads\/2024\/03\/PHOTO-2024-06-29-14-01-43.jpg 1080w\" sizes=\"(max-width: 300px) 100vw, 300px\" \/>\n            <\/div>\n        <\/div><div class=\"eael-entry-wrapper\"><header class=\"eael-entry-header\"><h2 class=\"eael-entry-title\"><a\n                        class=\"eael-grid-post-link\"\n                        href=\"https:\/\/biochaco.org\/en\/conservacion-condor-andino-pilcomayeno\/\"\n                        title=\"Pilcomaye\u00f1o Andean Condor Conservation\u00a0\">Pilcomaye\u00f1o Andean Condor Conservation\u00a0<\/a><\/h2><\/header><div class=\"eael-entry-content\">\n                        <div class=\"eael-grid-post-excerpt\"><p>Objective To investigate the population of Andean Condors in the Bolivian Chaco, especially in the Aguarague National Park to maintain...<\/p><a\n                            href=\"https:\/\/biochaco.org\/en\/conservacion-condor-andino-pilcomayeno\/\"\n                            class=\"eael-post-elements-readmore-btn\">More info<\/a><\/div>\n                    <\/div><\/div><\/div>\n        <\/div>\n    <\/article><article class=\"eael-grid-post eael-post-grid-column\" data-id=\"1606\">\n        <div class=\"eael-grid-post-holder\">\n            <div class=\"eael-grid-post-holder-inner\"><div class=\"eael-entry-media\"><div class=\"eael-entry-overlay none\"><i class=\"fas fa-long-arrow-alt-right\" aria-hidden=\"true\"><\/i><a href=\"https:\/\/biochaco.org\/en\/programa-educacion-ambiental\/\"><\/a><\/div><div class=\"eael-entry-thumbnail\">\n                <img decoding=\"async\" width=\"300\" height=\"225\" src=\"https:\/\/biochaco.org\/wp-content\/uploads\/2024\/03\/PHOTO-2024-06-29-14-12-29-300x225.jpg\" class=\"attachment-medium size-medium wp-image-3126\" alt=\"\" srcset=\"https:\/\/biochaco.org\/wp-content\/uploads\/2024\/03\/PHOTO-2024-06-29-14-12-29-300x225.jpg 300w, https:\/\/biochaco.org\/wp-content\/uploads\/2024\/03\/PHOTO-2024-06-29-14-12-29-1024x768.jpg 1024w, https:\/\/biochaco.org\/wp-content\/uploads\/2024\/03\/PHOTO-2024-06-29-14-12-29-768x576.jpg 768w, https:\/\/biochaco.org\/wp-content\/uploads\/2024\/03\/PHOTO-2024-06-29-14-12-29-1536x1152.jpg 1536w, https:\/\/biochaco.org\/wp-content\/uploads\/2024\/03\/PHOTO-2024-06-29-14-12-29-16x12.jpg 16w, https:\/\/biochaco.org\/wp-content\/uploads\/2024\/03\/PHOTO-2024-06-29-14-12-29-600x450.jpg 600w, https:\/\/biochaco.org\/wp-content\/uploads\/2024\/03\/PHOTO-2024-06-29-14-12-29.jpg 1600w\" sizes=\"(max-width: 300px) 100vw, 300px\" \/>\n            <\/div>\n        <\/div><div class=\"eael-entry-wrapper\"><header class=\"eael-entry-header\"><h2 class=\"eael-entry-title\"><a\n                        class=\"eael-grid-post-link\"\n                        href=\"https:\/\/biochaco.org\/en\/programa-educacion-ambiental\/\"\n                        title=\"Environmental Education on flora and fauna of the Chaco\">Environmental Education on flora and fauna of the Chaco<\/a><\/h2><\/header><div class=\"eael-entry-content\">\n                        <div class=\"eael-grid-post-excerpt\"><p>Our goal is:\u00a0Raise awareness in our society about the importance of resource preservation...<\/p><a\n                            href=\"https:\/\/biochaco.org\/en\/programa-educacion-ambiental\/\"\n                            class=\"eael-post-elements-readmore-btn\">More info<\/a><\/div>\n                    <\/div><\/div><\/div>\n        <\/div>\n    <\/article><article class=\"eael-grid-post eael-post-grid-column\" data-id=\"1604\">\n        <div class=\"eael-grid-post-holder\">\n            <div class=\"eael-grid-post-holder-inner\"><div class=\"eael-entry-media\"><div class=\"eael-entry-overlay none\"><i class=\"fas fa-long-arrow-alt-right\" aria-hidden=\"true\"><\/i><a href=\"https:\/\/biochaco.org\/en\/programa-investigacion-cientifica\/\"><\/a><\/div><div class=\"eael-entry-thumbnail\">\n                <img decoding=\"async\" width=\"300\" height=\"225\" src=\"https:\/\/biochaco.org\/wp-content\/uploads\/2024\/03\/PHOTO-2024-06-30-22-51-45-300x225.jpg\" class=\"attachment-medium size-medium wp-image-3131\" alt=\"\" srcset=\"https:\/\/biochaco.org\/wp-content\/uploads\/2024\/03\/PHOTO-2024-06-30-22-51-45-300x225.jpg 300w, https:\/\/biochaco.org\/wp-content\/uploads\/2024\/03\/PHOTO-2024-06-30-22-51-45-1024x768.jpg 1024w, https:\/\/biochaco.org\/wp-content\/uploads\/2024\/03\/PHOTO-2024-06-30-22-51-45-768x576.jpg 768w, https:\/\/biochaco.org\/wp-content\/uploads\/2024\/03\/PHOTO-2024-06-30-22-51-45-16x12.jpg 16w, https:\/\/biochaco.org\/wp-content\/uploads\/2024\/03\/PHOTO-2024-06-30-22-51-45-600x450.jpg 600w, https:\/\/biochaco.org\/wp-content\/uploads\/2024\/03\/PHOTO-2024-06-30-22-51-45.jpg 1280w\" sizes=\"(max-width: 300px) 100vw, 300px\" \/>\n            <\/div>\n        <\/div><div class=\"eael-entry-wrapper\"><header class=\"eael-entry-header\"><h2 class=\"eael-entry-title\"><a\n                        class=\"eael-grid-post-link\"\n                        href=\"https:\/\/biochaco.org\/en\/programa-investigacion-cientifica\/\"\n                        title=\"Scientific Research\">Scientific Research<\/a><\/h2><\/header><div class=\"eael-entry-content\">\n                        <div class=\"eael-grid-post-excerpt\"><p>Our objective is: Study the distribution, behavior, population dynamics, reproductions of native Chaco species of aquatic fauna, semi...<\/p><a\n                            href=\"https:\/\/biochaco.org\/en\/programa-investigacion-cientifica\/\"\n                            class=\"eael-post-elements-readmore-btn\">More info<\/a><\/div>\n                    <\/div><\/div><\/div>\n        <\/div>\n    <\/article><article class=\"eael-grid-post eael-post-grid-column\" data-id=\"3122\">\n        <div class=\"eael-grid-post-holder\">\n            <div class=\"eael-grid-post-holder-inner\"><div class=\"eael-entry-media\"><div class=\"eael-entry-overlay none\"><i class=\"fas fa-long-arrow-alt-right\" aria-hidden=\"true\"><\/i><a href=\"https:\/\/biochaco.org\/en\/cosechando-chacotalentos\/\"><\/a><\/div><div class=\"eael-entry-thumbnail\">\n                <img loading=\"lazy\" decoding=\"async\" width=\"300\" height=\"201\" src=\"https:\/\/biochaco.org\/wp-content\/uploads\/2024\/06\/PHOTO-2024-06-29-14-31-23-300x201.jpg\" class=\"attachment-medium size-medium wp-image-3123\" alt=\"\" srcset=\"https:\/\/biochaco.org\/wp-content\/uploads\/2024\/06\/PHOTO-2024-06-29-14-31-23-300x201.jpg 300w, https:\/\/biochaco.org\/wp-content\/uploads\/2024\/06\/PHOTO-2024-06-29-14-31-23-1024x685.jpg 1024w, https:\/\/biochaco.org\/wp-content\/uploads\/2024\/06\/PHOTO-2024-06-29-14-31-23-768x513.jpg 768w, https:\/\/biochaco.org\/wp-content\/uploads\/2024\/06\/PHOTO-2024-06-29-14-31-23-18x12.jpg 18w, https:\/\/biochaco.org\/wp-content\/uploads\/2024\/06\/PHOTO-2024-06-29-14-31-23-600x401.jpg 600w, https:\/\/biochaco.org\/wp-content\/uploads\/2024\/06\/PHOTO-2024-06-29-14-31-23.jpg 1080w\" sizes=\"(max-width: 300px) 100vw, 300px\" \/>\n            <\/div>\n        <\/div><div class=\"eael-entry-wrapper\"><header class=\"eael-entry-header\"><h2 class=\"eael-entry-title\"><a\n                        class=\"eael-grid-post-link\"\n                        href=\"https:\/\/biochaco.org\/en\/cosechando-chacotalentos\/\"\n                        title=\"Harvesting ChacoTalents\">Harvesting ChacoTalents<\/a><\/h2><\/header><div class=\"eael-entry-content\">\n                        <div class=\"eael-grid-post-excerpt\"><p>This program aims to develop local talent and promote greater awareness for nature conservation...<\/p><a\n                            href=\"https:\/\/biochaco.org\/en\/cosechando-chacotalentos\/\"\n                            class=\"eael-post-elements-readmore-btn\">More info<\/a><\/div>\n                    <\/div><\/div><\/div>\n        <\/div>\n    <\/article><\/div>\n            <div class=\"clearfix\"><\/div>\n        <\/div>\t\t<\/div>\n\t\t\t\t<\/div>\n\t\t\t\t\t<\/div>\n\t\t\t\t<\/div>\n\t\t\t\t<\/div>","protected":false},"excerpt":{"rendered":"<p>PROGRAMAS Explora nuestros programas de vida salvaje en el Chaco Conservaci\u00f3n C\u00f3ndor Andino Pilcomaye\u00f1o\u00a0 Objetivo Investigar a la poblaci\u00f3n de C\u00f3ndores Andinos en el chaco Boliviano, especialmente en el Parque Nacional Aguarague para mantener&#8230; M\u00e1s Informaci\u00f3n Educaci\u00f3n Ambiental sobre flora y fauna del Chaco Nuestro objetivo es:\u00a0Sensibilizar a nuestra sociedad sobre la importancia de la [&hellip;]<\/p>","protected":false},"author":1,"featured_media":0,"parent":0,"menu_order":0,"comment_status":"closed","ping_status":"closed","template":"","meta":{"site-sidebar-layout":"no-sidebar","site-content-layout":"page-builder","ast-site-content-layout":"full-width-container","site-content-style":"default","site-sidebar-style":"default","ast-global-header-display":"","ast-banner-title-visibility":"","ast-main-header-display":"","ast-hfb-above-header-display":"","ast-hfb-below-header-display":"","ast-hfb-mobile-header-display":"","site-post-title":"disabled","ast-breadcrumbs-content":"","ast-featured-img":"disabled","footer-sml-layout":"","theme-transparent-header-meta":"","adv-header-id-meta":"","stick-header-meta":"","header-above-stick-meta":"","header-main-stick-meta":"","header-below-stick-meta":"","astra-migrate-meta-layouts":"set","ast-page-background-enabled":"default","ast-page-background-meta":{"desktop":{"background-color":"var(--ast-global-color-4)","background-image":"","background-repeat":"repeat","background-position":"center center","background-size":"auto","background-attachment":"scroll","background-type":"","background-media":"","overlay-type":"","overlay-color":"","overlay-gradient":""},"tablet":{"background-color":"","background-image":"","background-repeat":"repeat","background-position":"center center","background-size":"auto","background-attachment":"scroll","background-type":"","background-media":"","overlay-type":"","overlay-color":"","overlay-gradient":""},"mobile":{"background-color":"","background-image":"","background-repeat":"repeat","background-position":"center center","background-size":"auto","background-attachment":"scroll","background-type":"","background-media":"","overlay-type":"","overlay-color":"","overlay-gradient":""}},"ast-content-background-meta":{"desktop":{"background-color":"var(--ast-global-color-5)","background-image":"","background-repeat":"repeat","background-position":"center center","background-size":"auto","background-attachment":"scroll","background-type":"","background-media":"","overlay-type":"","overlay-color":"","overlay-gradient":""},"tablet":{"background-color":"var(--ast-global-color-5)","background-image":"","background-repeat":"repeat","background-position":"center center","background-size":"auto","background-attachment":"scroll","background-type":"","background-media":"","overlay-type":"","overlay-color":"","overlay-gradient":""},"mobile":{"background-color":"var(--ast-global-color-5)","background-image":"","background-repeat":"repeat","background-position":"center center","background-size":"auto","background-attachment":"scroll","background-type":"","background-media":"","overlay-type":"","overlay-color":"","overlay-gradient":""}},"footnotes":""},"class_list":["post-1639","page","type-page","status-publish","hentry"],"yoast_head":"<!-- This site is optimized with the Yoast SEO plugin v22.3 - https:\/\/yoast.com\/wordpress\/plugins\/seo\/ -->\n<title>Programas - BioChaco<\/title>\n<meta name=\"robots\" content=\"index, follow, max-snippet:-1, max-image-preview:large, max-video-preview:-1\" \/>\n<link rel=\"canonical\" href=\"https:\/\/biochaco.org\/en\/programas\/\" \/>\n<meta property=\"og:locale\" content=\"en_US\" \/>\n<meta property=\"og:type\" content=\"article\" \/>\n<meta property=\"og:title\" content=\"Programas - BioChaco\" \/>\n<meta property=\"og:description\" content=\"PROGRAMAS Explora nuestros programas de vida salvaje en el Chaco Conservaci\u00f3n C\u00f3ndor Andino Pilcomaye\u00f1o\u00a0 Objetivo Investigar a la poblaci\u00f3n de C\u00f3ndores Andinos en el chaco Boliviano, especialmente en el Parque Nacional Aguarague para mantener&#8230; M\u00e1s Informaci\u00f3n Educaci\u00f3n Ambiental sobre flora y fauna del Chaco Nuestro objetivo es:\u00a0Sensibilizar a nuestra sociedad sobre la importancia de la [&hellip;]\" \/>\n<meta property=\"og:url\" content=\"https:\/\/biochaco.org\/en\/programas\/\" \/>\n<meta property=\"og:site_name\" content=\"BioChaco\" \/>\n<meta property=\"article:modified_time\" content=\"2024-10-07T15:57:50+00:00\" \/>\n<meta property=\"og:image\" content=\"https:\/\/biochaco.org\/wp-content\/uploads\/2024\/03\/PHOTO-2024-06-29-14-01-43-300x225.jpg\" \/>\n<meta name=\"twitter:card\" content=\"summary_large_image\" \/>\n<meta name=\"twitter:label1\" content=\"Est. reading time\" \/>\n\t<meta name=\"twitter:data1\" content=\"2 minutes\" \/>\n<script type=\"application\/ld+json\" class=\"yoast-schema-graph\">{\"@context\":\"https:\/\/schema.org\",\"@graph\":[{\"@type\":\"WebPage\",\"@id\":\"https:\/\/biochaco.org\/en\/programas\/\",\"url\":\"https:\/\/biochaco.org\/en\/programas\/\",\"name\":\"Programas - BioChaco\",\"isPartOf\":{\"@id\":\"https:\/\/biochaco.org\/es_es\/#website\"},\"primaryImageOfPage\":{\"@id\":\"https:\/\/biochaco.org\/en\/programas\/#primaryimage\"},\"image\":{\"@id\":\"https:\/\/biochaco.org\/en\/programas\/#primaryimage\"},\"thumbnailUrl\":\"https:\/\/biochaco.org\/wp-content\/uploads\/2024\/03\/PHOTO-2024-06-29-14-01-43-300x225.jpg\",\"datePublished\":\"2024-03-26T00:28:46+00:00\",\"dateModified\":\"2024-10-07T15:57:50+00:00\",\"breadcrumb\":{\"@id\":\"https:\/\/biochaco.org\/en\/programas\/#breadcrumb\"},\"inLanguage\":\"en-US\",\"potentialAction\":[{\"@type\":\"ReadAction\",\"target\":[\"https:\/\/biochaco.org\/en\/programas\/\"]}]},{\"@type\":\"ImageObject\",\"inLanguage\":\"en-US\",\"@id\":\"https:\/\/biochaco.org\/en\/programas\/#primaryimage\",\"url\":\"https:\/\/biochaco.org\/wp-content\/uploads\/2024\/03\/PHOTO-2024-06-29-14-01-43.jpg\",\"contentUrl\":\"https:\/\/biochaco.org\/wp-content\/uploads\/2024\/03\/PHOTO-2024-06-29-14-01-43.jpg\",\"width\":1080,\"height\":810},{\"@type\":\"BreadcrumbList\",\"@id\":\"https:\/\/biochaco.org\/en\/programas\/#breadcrumb\",\"itemListElement\":[{\"@type\":\"ListItem\",\"position\":1,\"name\":\"Home\",\"item\":\"https:\/\/biochaco.org\/es_es\/\"},{\"@type\":\"ListItem\",\"position\":2,\"name\":\"Programas\"}]},{\"@type\":\"WebSite\",\"@id\":\"https:\/\/biochaco.org\/es_es\/#website\",\"url\":\"https:\/\/biochaco.org\/es_es\/\",\"name\":\"BioChaco\",\"description\":\"Fundaci\u00f3n Biodiversidad del Gran Chaco BioChaco Villa Montes\",\"publisher\":{\"@id\":\"https:\/\/biochaco.org\/es_es\/#organization\"},\"potentialAction\":[{\"@type\":\"SearchAction\",\"target\":{\"@type\":\"EntryPoint\",\"urlTemplate\":\"https:\/\/biochaco.org\/es_es\/?s={search_term_string}\"},\"query-input\":\"required name=search_term_string\"}],\"inLanguage\":\"en-US\"},{\"@type\":\"Organization\",\"@id\":\"https:\/\/biochaco.org\/es_es\/#organization\",\"name\":\"BioChaco\",\"url\":\"https:\/\/biochaco.org\/es_es\/\",\"logo\":{\"@type\":\"ImageObject\",\"inLanguage\":\"en-US\",\"@id\":\"https:\/\/biochaco.org\/es_es\/#\/schema\/logo\/image\/\",\"url\":\"https:\/\/biochaco.org\/wp-content\/uploads\/2022\/03\/logo-biochaco-dark.png\",\"contentUrl\":\"https:\/\/biochaco.org\/wp-content\/uploads\/2022\/03\/logo-biochaco-dark.png\",\"width\":350,\"height\":271,\"caption\":\"BioChaco\"},\"image\":{\"@id\":\"https:\/\/biochaco.org\/es_es\/#\/schema\/logo\/image\/\"}}]}<\/script>\n<!-- \/ Yoast SEO plugin. -->","yoast_head_json":{"title":"Programas - BioChaco","robots":{"index":"index","follow":"follow","max-snippet":"max-snippet:-1","max-image-preview":"max-image-preview:large","max-video-preview":"max-video-preview:-1"},"canonical":"https:\/\/biochaco.org\/en\/programas\/","og_locale":"en_US","og_type":"article","og_title":"Programas - BioChaco","og_description":"PROGRAMAS Explora nuestros programas de vida salvaje en el Chaco Conservaci\u00f3n C\u00f3ndor Andino Pilcomaye\u00f1o\u00a0 Objetivo Investigar a la poblaci\u00f3n de C\u00f3ndores Andinos en el chaco Boliviano, especialmente en el Parque Nacional Aguarague para mantener&#8230; M\u00e1s Informaci\u00f3n Educaci\u00f3n Ambiental sobre flora y fauna del Chaco Nuestro objetivo es:\u00a0Sensibilizar a nuestra sociedad sobre la importancia de la [&hellip;]","og_url":"https:\/\/biochaco.org\/en\/programas\/","og_site_name":"BioChaco","article_modified_time":"2024-10-07T15:57:50+00:00","og_image":[{"url":"https:\/\/biochaco.org\/wp-content\/uploads\/2024\/03\/PHOTO-2024-06-29-14-01-43-300x225.jpg"}],"twitter_card":"summary_large_image","twitter_misc":{"Est. reading time":"2 minutes"},"schema":{"@context":"https:\/\/schema.org","@graph":[{"@type":"WebPage","@id":"https:\/\/biochaco.org\/en\/programas\/","url":"https:\/\/biochaco.org\/en\/programas\/","name":"Programas - BioChaco","isPartOf":{"@id":"https:\/\/biochaco.org\/es_es\/#website"},"primaryImageOfPage":{"@id":"https:\/\/biochaco.org\/en\/programas\/#primaryimage"},"image":{"@id":"https:\/\/biochaco.org\/en\/programas\/#primaryimage"},"thumbnailUrl":"https:\/\/biochaco.org\/wp-content\/uploads\/2024\/03\/PHOTO-2024-06-29-14-01-43-300x225.jpg","datePublished":"2024-03-26T00:28:46+00:00","dateModified":"2024-10-07T15:57:50+00:00","breadcrumb":{"@id":"https:\/\/biochaco.org\/en\/programas\/#breadcrumb"},"inLanguage":"en-US","potentialAction":[{"@type":"ReadAction","target":["https:\/\/biochaco.org\/en\/programas\/"]}]},{"@type":"ImageObject","inLanguage":"en-US","@id":"https:\/\/biochaco.org\/en\/programas\/#primaryimage","url":"https:\/\/biochaco.org\/wp-content\/uploads\/2024\/03\/PHOTO-2024-06-29-14-01-43.jpg","contentUrl":"https:\/\/biochaco.org\/wp-content\/uploads\/2024\/03\/PHOTO-2024-06-29-14-01-43.jpg","width":1080,"height":810},{"@type":"BreadcrumbList","@id":"https:\/\/biochaco.org\/en\/programas\/#breadcrumb","itemListElement":[{"@type":"ListItem","position":1,"name":"Home","item":"https:\/\/biochaco.org\/es_es\/"},{"@type":"ListItem","position":2,"name":"Programas"}]},{"@type":"WebSite","@id":"https:\/\/biochaco.org\/es_es\/#website","url":"https:\/\/biochaco.org\/es_es\/","name":"BioChaco","description":"Fundaci\u00f3n Biodiversidad del Gran Chaco BioChaco Villa Montes","publisher":{"@id":"https:\/\/biochaco.org\/es_es\/#organization"},"potentialAction":[{"@type":"SearchAction","target":{"@type":"EntryPoint","urlTemplate":"https:\/\/biochaco.org\/es_es\/?s={search_term_string}"},"query-input":"required name=search_term_string"}],"inLanguage":"en-US"},{"@type":"Organization","@id":"https:\/\/biochaco.org\/es_es\/#organization","name":"BioChaco","url":"https:\/\/biochaco.org\/es_es\/","logo":{"@type":"ImageObject","inLanguage":"en-US","@id":"https:\/\/biochaco.org\/es_es\/#\/schema\/logo\/image\/","url":"https:\/\/biochaco.org\/wp-content\/uploads\/2022\/03\/logo-biochaco-dark.png","contentUrl":"https:\/\/biochaco.org\/wp-content\/uploads\/2022\/03\/logo-biochaco-dark.png","width":350,"height":271,"caption":"BioChaco"},"image":{"@id":"https:\/\/biochaco.org\/es_es\/#\/schema\/logo\/image\/"}}]}},"_links":{"self":[{"href":"https:\/\/biochaco.org\/en\/wp-json\/wp\/v2\/pages\/1639","targetHints":{"allow":["GET"]}}],"collection":[{"href":"https:\/\/biochaco.org\/en\/wp-json\/wp\/v2\/pages"}],"about":[{"href":"https:\/\/biochaco.org\/en\/wp-json\/wp\/v2\/types\/page"}],"author":[{"embeddable":true,"href":"https:\/\/biochaco.org\/en\/wp-json\/wp\/v2\/users\/1"}],"replies":[{"embeddable":true,"href":"https:\/\/biochaco.org\/en\/wp-json\/wp\/v2\/comments?post=1639"}],"version-history":[{"count":31,"href":"https:\/\/biochaco.org\/en\/wp-json\/wp\/v2\/pages\/1639\/revisions"}],"predecessor-version":[{"id":4076,"href":"https:\/\/biochaco.org\/en\/wp-json\/wp\/v2\/pages\/1639\/revisions\/4076"}],"wp:attachment":[{"href":"https:\/\/biochaco.org\/en\/wp-json\/wp\/v2\/media?parent=1639"}],"curies":[{"name":"wp","href":"https:\/\/api.w.org\/{rel}","templated":true}]}}