{"id":2287,"date":"2024-04-13T16:59:26","date_gmt":"2024-04-13T20:59:26","guid":{"rendered":"https:\/\/biochaco.org\/?page_id=2287"},"modified":"2024-08-29T08:31:49","modified_gmt":"2024-08-29T12:31:49","slug":"publicaciones-cientificas","status":"publish","type":"page","link":"https:\/\/biochaco.org\/es_es\/publicaciones-cientificas\/","title":{"rendered":"Publicaciones Cient\u00edficas"},"content":{"rendered":"\t\t<div data-elementor-type=\"wp-page\" data-elementor-id=\"2287\" class=\"elementor elementor-2287\" data-elementor-post-type=\"page\">\n\t\t\t\t<div class=\"elementor-element elementor-element-840985a e-flex e-con-boxed e-con e-parent\" data-id=\"840985a\" data-element_type=\"container\" data-settings=\"{&quot;background_background&quot;:&quot;classic&quot;}\" data-core-v316-plus=\"true\">\n\t\t\t\t\t<div class=\"e-con-inner\">\n\t\t<div class=\"elementor-element elementor-element-f095a6a e-con-full e-flex e-con e-child\" data-id=\"f095a6a\" data-element_type=\"container\">\n\t\t<div class=\"elementor-element elementor-element-ad10ebb e-con-full e-flex e-con e-child\" data-id=\"ad10ebb\" data-element_type=\"container\">\n\t\t<div class=\"elementor-element elementor-element-e941dd6 e-con-full e-flex e-con e-child\" data-id=\"e941dd6\" data-element_type=\"container\">\n\t\t\t\t<div class=\"elementor-element elementor-element-8d79116 elementor-widget elementor-widget-heading\" data-id=\"8d79116\" data-element_type=\"widget\" data-widget_type=\"heading.default\">\n\t\t\t\t<div class=\"elementor-widget-container\">\n\t\t\t<style>\/*! elementor - v3.20.0 - 11-03-2024 *\/\n.elementor-heading-title{padding:0;margin:0;line-height:1}.elementor-widget-heading .elementor-heading-title[class*=elementor-size-]>a{color:inherit;font-size:inherit;line-height:inherit}.elementor-widget-heading .elementor-heading-title.elementor-size-small{font-size:15px}.elementor-widget-heading .elementor-heading-title.elementor-size-medium{font-size:19px}.elementor-widget-heading .elementor-heading-title.elementor-size-large{font-size:29px}.elementor-widget-heading .elementor-heading-title.elementor-size-xl{font-size:39px}.elementor-widget-heading .elementor-heading-title.elementor-size-xxl{font-size:59px}<\/style><h1 class=\"elementor-heading-title elementor-size-default\">Publicaciones Cient\u00edficas de Biochaco<\/h1>\t\t<\/div>\n\t\t\t\t<\/div>\n\t\t\t\t<\/div>\n\t\t\t\t<\/div>\n\t\t\t\t<\/div>\n\t\t\t\t\t<\/div>\n\t\t\t\t<\/div>\n\t\t<div class=\"elementor-element elementor-element-f263080 e-flex e-con-boxed e-con e-parent\" data-id=\"f263080\" data-element_type=\"container\" data-core-v316-plus=\"true\">\n\t\t\t\t\t<div class=\"e-con-inner\">\n\t\t\t\t<div class=\"elementor-element elementor-element-cba58bb elementor-grid-eael-col-3 elementor-grid-tablet-eael-col-2 elementor-grid-mobile-eael-col-1 elementor-widget elementor-widget-eael-post-grid\" data-id=\"cba58bb\" data-element_type=\"widget\" data-settings=\"{&quot;eael_post_grid_columns&quot;:&quot;eael-col-3&quot;,&quot;eael_post_grid_columns_tablet&quot;:&quot;eael-col-2&quot;,&quot;eael_post_grid_columns_mobile&quot;:&quot;eael-col-1&quot;}\" data-widget_type=\"eael-post-grid.default\">\n\t\t\t\t<div class=\"elementor-widget-container\">\n\t\t\t<div id=\"eael-post-grid-cba58bb\" class=\"eael-post-grid-container\">\n            <div class=\"eael-post-grid eael-post-appender eael-post-appender-cba58bb eael-post-grid-style-default\" data-layout-mode=\"grid\"><article class=\"eael-grid-post eael-post-grid-column\" data-id=\"3180\">\n        <div class=\"eael-grid-post-holder\">\n            <div class=\"eael-grid-post-holder-inner\"><div class=\"eael-entry-media\"><div class=\"eael-entry-overlay none\"><i class=\"fas fa-long-arrow-alt-right\" aria-hidden=\"true\"><\/i><a href=\"https:\/\/museonoelkempff.org\/museo\/wp-content\/uploads\/2024\/07\/5Nota_Pizarro-et-al_20_1_37-43.pdf\"><\/a><\/div><div class=\"eael-entry-thumbnail eael-image-ratio\">\n                <img fetchpriority=\"high\" decoding=\"async\" width=\"300\" height=\"200\" src=\"https:\/\/biochaco.org\/wp-content\/uploads\/2024\/08\/Foto-de-Facebook-300x200.jpg\" class=\"attachment-medium size-medium wp-image-3181\" alt=\"\" srcset=\"https:\/\/biochaco.org\/wp-content\/uploads\/2024\/08\/Foto-de-Facebook-300x200.jpg 300w, https:\/\/biochaco.org\/wp-content\/uploads\/2024\/08\/Foto-de-Facebook-18x12.jpg 18w, https:\/\/biochaco.org\/wp-content\/uploads\/2024\/08\/Foto-de-Facebook-600x400.jpg 600w, https:\/\/biochaco.org\/wp-content\/uploads\/2024\/08\/Foto-de-Facebook.jpg 672w\" sizes=\"(max-width: 300px) 100vw, 300px\" \/>\n            <\/div>\n        <\/div><div class=\"eael-entry-wrapper\"><header class=\"eael-entry-header\"><h2 class=\"eael-entry-title\"><a\n                        class=\"eael-grid-post-link\"\n                        href=\"https:\/\/museonoelkempff.org\/museo\/wp-content\/uploads\/2024\/07\/5Nota_Pizarro-et-al_20_1_37-43.pdf\"\n                        title=\"Nuevo hallazgo geogr\u00e1fico de nutrias o lobitos de rio\">Nuevo hallazgo geogr\u00e1fico de nutrias o lobitos de rio<\/a><\/h2><\/header><div class=\"eael-entry-content\">\n                        <div class=\"eael-grid-post-excerpt\"><p>Gracias al Museo de Historia Natural Noel Kempff Mercado por la publicaci\u00f3n cient\u00edfica, al Bi\u00f3logo Luis Acosta por apoyar con...<\/p><a\n                            href=\"https:\/\/museonoelkempff.org\/museo\/wp-content\/uploads\/2024\/07\/5Nota_Pizarro-et-al_20_1_37-43.pdf\"\n                            class=\"eael-post-elements-readmore-btn\">M\u00e1s Informaci\u00f3n<\/a><\/div>\n                    <\/div><\/div><\/div>\n        <\/div>\n    <\/article><article class=\"eael-grid-post eael-post-grid-column\" data-id=\"2679\">\n        <div class=\"eael-grid-post-holder\">\n            <div class=\"eael-grid-post-holder-inner\"><div class=\"eael-entry-media\"><div class=\"eael-entry-overlay none\"><i class=\"fas fa-long-arrow-alt-right\" aria-hidden=\"true\"><\/i><a href=\"https:\/\/www.biotaxa.org\/Phytotaxa\/article\/view\/phytotaxa.587.3.6\"><\/a><\/div><div class=\"eael-entry-thumbnail eael-image-ratio\">\n                <img decoding=\"async\" width=\"300\" height=\"289\" src=\"https:\/\/biochaco.org\/wp-content\/uploads\/2024\/05\/8627ab01-c075-4172-9dc6-bbc3c0ef358a-300x289.jpeg\" class=\"attachment-medium size-medium wp-image-2680\" alt=\"\" srcset=\"https:\/\/biochaco.org\/wp-content\/uploads\/2024\/05\/8627ab01-c075-4172-9dc6-bbc3c0ef358a-300x289.jpeg 300w, https:\/\/biochaco.org\/wp-content\/uploads\/2024\/05\/8627ab01-c075-4172-9dc6-bbc3c0ef358a-768x739.jpeg 768w, https:\/\/biochaco.org\/wp-content\/uploads\/2024\/05\/8627ab01-c075-4172-9dc6-bbc3c0ef358a-12x12.jpeg 12w, https:\/\/biochaco.org\/wp-content\/uploads\/2024\/05\/8627ab01-c075-4172-9dc6-bbc3c0ef358a-600x578.jpeg 600w, https:\/\/biochaco.org\/wp-content\/uploads\/2024\/05\/8627ab01-c075-4172-9dc6-bbc3c0ef358a.jpeg 886w\" sizes=\"(max-width: 300px) 100vw, 300px\" \/>\n            <\/div>\n        <\/div><div class=\"eael-entry-wrapper\"><header class=\"eael-entry-header\"><h2 class=\"eael-entry-title\"><a\n                        class=\"eael-grid-post-link\"\n                        href=\"https:\/\/www.biotaxa.org\/Phytotaxa\/article\/view\/phytotaxa.587.3.6\"\n                        title=\"Una nueva especie de Cyrtopodium (Cymbidieae, Orchidaceae)\">Una nueva especie de Cyrtopodium (Cymbidieae, Orchidaceae)<\/a><\/h2><\/header><div class=\"eael-entry-content\">\n                        <div class=\"eael-grid-post-excerpt\"><p>Pasada por alto de las ecorregiones de los Yungas Andinos del Sur y del Chaco Serrano del norte de Argentina...<\/p><a\n                            href=\"https:\/\/www.biotaxa.org\/Phytotaxa\/article\/view\/phytotaxa.587.3.6\"\n                            class=\"eael-post-elements-readmore-btn\">M\u00e1s Informaci\u00f3n<\/a><\/div>\n                    <\/div><\/div><\/div>\n        <\/div>\n    <\/article><article class=\"eael-grid-post eael-post-grid-column\" data-id=\"2471\">\n        <div class=\"eael-grid-post-holder\">\n            <div class=\"eael-grid-post-holder-inner\"><div class=\"eael-entry-media\"><div class=\"eael-entry-overlay none\"><i class=\"fas fa-long-arrow-alt-right\" aria-hidden=\"true\"><\/i><a href=\"https:\/\/onlinelibrary.wiley.com\/doi\/epdf\/10.1111\/aec.13476?domain=author&token=PT2TXN4BXBDCEXQQTTZE\"><\/a><\/div><div class=\"eael-entry-thumbnail eael-image-ratio\">\n                <img decoding=\"async\" width=\"300\" height=\"225\" src=\"https:\/\/biochaco.org\/wp-content\/uploads\/2024\/05\/condor-300x225.jpg\" class=\"attachment-medium size-medium wp-image-2521\" alt=\"\" srcset=\"https:\/\/biochaco.org\/wp-content\/uploads\/2024\/05\/condor-300x225.jpg 300w, https:\/\/biochaco.org\/wp-content\/uploads\/2024\/05\/condor-16x12.jpg 16w, https:\/\/biochaco.org\/wp-content\/uploads\/2024\/05\/condor.jpg 450w\" sizes=\"(max-width: 300px) 100vw, 300px\" \/>\n            <\/div>\n        <\/div><div class=\"eael-entry-wrapper\"><header class=\"eael-entry-header\"><h2 class=\"eael-entry-title\"><a\n                        class=\"eael-grid-post-link\"\n                        href=\"https:\/\/onlinelibrary.wiley.com\/doi\/epdf\/10.1111\/aec.13476?domain=author&token=PT2TXN4BXBDCEXQQTTZE\"\n                        title=\"C\u00f3ndores andinos en el Pilcomayo\">C\u00f3ndores andinos en el Pilcomayo<\/a><\/h2><\/header><div class=\"eael-entry-content\">\n                        <div class=\"eael-grid-post-excerpt\"><p>C\u00f3ndores andinos Pilcomaye\u00f1o desciende en \u00e9poca de pesca al rio Pilcomayo alimentarse de carro\u00f1a de pescado, un comportamiento inusual.<\/p><a\n                            href=\"https:\/\/onlinelibrary.wiley.com\/doi\/epdf\/10.1111\/aec.13476?domain=author&token=PT2TXN4BXBDCEXQQTTZE\"\n                            class=\"eael-post-elements-readmore-btn\">M\u00e1s Informaci\u00f3n<\/a><\/div>\n                    <\/div><\/div><\/div>\n        <\/div>\n    <\/article><\/div>\n            <div class=\"clearfix\"><\/div>\n        <\/div>\t\t<\/div>\n\t\t\t\t<\/div>\n\t\t\t\t\t<\/div>\n\t\t\t\t<\/div>\n\t\t\t\t<\/div>\n\t\t","protected":false},"excerpt":{"rendered":"<p>Publicaciones Cient\u00edficas de Biochaco Nuevo hallazgo geogr\u00e1fico de nutrias o lobitos de rio Gracias al Museo de Historia Natural Noel Kempff Mercado por la publicaci\u00f3n cient\u00edfica, al Bi\u00f3logo Luis Acosta por apoyar con&#8230; M\u00e1s Informaci\u00f3n Una nueva especie de Cyrtopodium (Cymbidieae, Orchidaceae) Pasada por alto de las ecorregiones de los Yungas Andinos del Sur y [&hellip;]<\/p>\n","protected":false},"author":1,"featured_media":0,"parent":0,"menu_order":0,"comment_status":"closed","ping_status":"closed","template":"","meta":{"site-sidebar-layout":"no-sidebar","site-content-layout":"page-builder","ast-site-content-layout":"full-width-container","site-content-style":"default","site-sidebar-style":"default","ast-global-header-display":"","ast-banner-title-visibility":"","ast-main-header-display":"","ast-hfb-above-header-display":"","ast-hfb-below-header-display":"","ast-hfb-mobile-header-display":"","site-post-title":"disabled","ast-breadcrumbs-content":"","ast-featured-img":"disabled","footer-sml-layout":"","theme-transparent-header-meta":"","adv-header-id-meta":"","stick-header-meta":"","header-above-stick-meta":"","header-main-stick-meta":"","header-below-stick-meta":"","astra-migrate-meta-layouts":"set","ast-page-background-enabled":"default","ast-page-background-meta":{"desktop":{"background-color":"var(--ast-global-color-4)","background-image":"","background-repeat":"repeat","background-position":"center center","background-size":"auto","background-attachment":"scroll","background-type":"","background-media":"","overlay-type":"","overlay-color":"","overlay-gradient":""},"tablet":{"background-color":"","background-image":"","background-repeat":"repeat","background-position":"center center","background-size":"auto","background-attachment":"scroll","background-type":"","background-media":"","overlay-type":"","overlay-color":"","overlay-gradient":""},"mobile":{"background-color":"","background-image":"","background-repeat":"repeat","background-position":"center center","background-size":"auto","background-attachment":"scroll","background-type":"","background-media":"","overlay-type":"","overlay-color":"","overlay-gradient":""}},"ast-content-background-meta":{"desktop":{"background-color":"var(--ast-global-color-5)","background-image":"","background-repeat":"repeat","background-position":"center center","background-size":"auto","background-attachment":"scroll","background-type":"","background-media":"","overlay-type":"","overlay-color":"","overlay-gradient":""},"tablet":{"background-color":"var(--ast-global-color-5)","background-image":"","background-repeat":"repeat","background-position":"center center","background-size":"auto","background-attachment":"scroll","background-type":"","background-media":"","overlay-type":"","overlay-color":"","overlay-gradient":""},"mobile":{"background-color":"var(--ast-global-color-5)","background-image":"","background-repeat":"repeat","background-position":"center center","background-size":"auto","background-attachment":"scroll","background-type":"","background-media":"","overlay-type":"","overlay-color":"","overlay-gradient":""}},"footnotes":""},"class_list":["post-2287","page","type-page","status-publish","hentry"],"yoast_head":"<!-- This site is optimized with the Yoast SEO plugin v22.3 - https:\/\/yoast.com\/wordpress\/plugins\/seo\/ -->\n<title>Publicaciones Cient\u00edficas - BioChaco<\/title>\n<meta name=\"robots\" content=\"index, follow, max-snippet:-1, max-image-preview:large, max-video-preview:-1\" \/>\n<link rel=\"canonical\" href=\"https:\/\/biochaco.org\/es_es\/publicaciones-cientificas\/\" \/>\n<meta property=\"og:locale\" content=\"es_ES\" \/>\n<meta property=\"og:type\" content=\"article\" \/>\n<meta property=\"og:title\" content=\"Publicaciones Cient\u00edficas - BioChaco\" \/>\n<meta property=\"og:description\" content=\"Publicaciones Cient\u00edficas de Biochaco Nuevo hallazgo geogr\u00e1fico de nutrias o lobitos de rio Gracias al Museo de Historia Natural Noel Kempff Mercado por la publicaci\u00f3n cient\u00edfica, al Bi\u00f3logo Luis Acosta por apoyar con&#8230; M\u00e1s Informaci\u00f3n Una nueva especie de Cyrtopodium (Cymbidieae, Orchidaceae) Pasada por alto de las ecorregiones de los Yungas Andinos del Sur y [&hellip;]\" \/>\n<meta property=\"og:url\" content=\"https:\/\/biochaco.org\/es_es\/publicaciones-cientificas\/\" \/>\n<meta property=\"og:site_name\" content=\"BioChaco\" \/>\n<meta property=\"article:modified_time\" content=\"2024-08-29T12:31:49+00:00\" \/>\n<meta property=\"og:image\" content=\"https:\/\/biochaco.org\/wp-content\/uploads\/2024\/08\/Foto-de-Facebook-300x200.jpg\" \/>\n<meta name=\"twitter:card\" content=\"summary_large_image\" \/>\n<meta name=\"twitter:label1\" content=\"Tiempo de lectura\" \/>\n\t<meta name=\"twitter:data1\" content=\"2 minutos\" \/>\n<script type=\"application\/ld+json\" class=\"yoast-schema-graph\">{\"@context\":\"https:\/\/schema.org\",\"@graph\":[{\"@type\":\"WebPage\",\"@id\":\"https:\/\/biochaco.org\/en\/publicaciones-cientificas\/\",\"url\":\"https:\/\/biochaco.org\/en\/publicaciones-cientificas\/\",\"name\":\"Publicaciones Cient\u00edficas - BioChaco\",\"isPartOf\":{\"@id\":\"https:\/\/biochaco.org\/es_es\/#website\"},\"primaryImageOfPage\":{\"@id\":\"https:\/\/biochaco.org\/en\/publicaciones-cientificas\/#primaryimage\"},\"image\":{\"@id\":\"https:\/\/biochaco.org\/en\/publicaciones-cientificas\/#primaryimage\"},\"thumbnailUrl\":\"https:\/\/biochaco.org\/wp-content\/uploads\/2024\/08\/Foto-de-Facebook-300x200.jpg\",\"datePublished\":\"2024-04-13T20:59:26+00:00\",\"dateModified\":\"2024-08-29T12:31:49+00:00\",\"breadcrumb\":{\"@id\":\"https:\/\/biochaco.org\/en\/publicaciones-cientificas\/#breadcrumb\"},\"inLanguage\":\"es\",\"potentialAction\":[{\"@type\":\"ReadAction\",\"target\":[\"https:\/\/biochaco.org\/en\/publicaciones-cientificas\/\"]}]},{\"@type\":\"ImageObject\",\"inLanguage\":\"es\",\"@id\":\"https:\/\/biochaco.org\/en\/publicaciones-cientificas\/#primaryimage\",\"url\":\"https:\/\/biochaco.org\/wp-content\/uploads\/2024\/08\/Foto-de-Facebook.jpg\",\"contentUrl\":\"https:\/\/biochaco.org\/wp-content\/uploads\/2024\/08\/Foto-de-Facebook.jpg\",\"width\":672,\"height\":448},{\"@type\":\"BreadcrumbList\",\"@id\":\"https:\/\/biochaco.org\/en\/publicaciones-cientificas\/#breadcrumb\",\"itemListElement\":[{\"@type\":\"ListItem\",\"position\":1,\"name\":\"Home\",\"item\":\"https:\/\/biochaco.org\/es_es\/\"},{\"@type\":\"ListItem\",\"position\":2,\"name\":\"Publicaciones Cient\u00edficas\"}]},{\"@type\":\"WebSite\",\"@id\":\"https:\/\/biochaco.org\/es_es\/#website\",\"url\":\"https:\/\/biochaco.org\/es_es\/\",\"name\":\"BioChaco\",\"description\":\"Fundaci\u00f3n Biodiversidad del Gran Chaco BioChaco Villa Montes\",\"publisher\":{\"@id\":\"https:\/\/biochaco.org\/es_es\/#organization\"},\"potentialAction\":[{\"@type\":\"SearchAction\",\"target\":{\"@type\":\"EntryPoint\",\"urlTemplate\":\"https:\/\/biochaco.org\/es_es\/?s={search_term_string}\"},\"query-input\":\"required name=search_term_string\"}],\"inLanguage\":\"es\"},{\"@type\":\"Organization\",\"@id\":\"https:\/\/biochaco.org\/es_es\/#organization\",\"name\":\"BioChaco\",\"url\":\"https:\/\/biochaco.org\/es_es\/\",\"logo\":{\"@type\":\"ImageObject\",\"inLanguage\":\"es\",\"@id\":\"https:\/\/biochaco.org\/es_es\/#\/schema\/logo\/image\/\",\"url\":\"https:\/\/biochaco.org\/wp-content\/uploads\/2022\/03\/logo-biochaco-dark.png\",\"contentUrl\":\"https:\/\/biochaco.org\/wp-content\/uploads\/2022\/03\/logo-biochaco-dark.png\",\"width\":350,\"height\":271,\"caption\":\"BioChaco\"},\"image\":{\"@id\":\"https:\/\/biochaco.org\/es_es\/#\/schema\/logo\/image\/\"}}]}<\/script>\n<!-- \/ Yoast SEO plugin. -->","yoast_head_json":{"title":"Publicaciones Cient\u00edficas - BioChaco","robots":{"index":"index","follow":"follow","max-snippet":"max-snippet:-1","max-image-preview":"max-image-preview:large","max-video-preview":"max-video-preview:-1"},"canonical":"https:\/\/biochaco.org\/es_es\/publicaciones-cientificas\/","og_locale":"es_ES","og_type":"article","og_title":"Publicaciones Cient\u00edficas - BioChaco","og_description":"Publicaciones Cient\u00edficas de Biochaco Nuevo hallazgo geogr\u00e1fico de nutrias o lobitos de rio Gracias al Museo de Historia Natural Noel Kempff Mercado por la publicaci\u00f3n cient\u00edfica, al Bi\u00f3logo Luis Acosta por apoyar con&#8230; M\u00e1s Informaci\u00f3n Una nueva especie de Cyrtopodium (Cymbidieae, Orchidaceae) Pasada por alto de las ecorregiones de los Yungas Andinos del Sur y [&hellip;]","og_url":"https:\/\/biochaco.org\/es_es\/publicaciones-cientificas\/","og_site_name":"BioChaco","article_modified_time":"2024-08-29T12:31:49+00:00","og_image":[{"url":"https:\/\/biochaco.org\/wp-content\/uploads\/2024\/08\/Foto-de-Facebook-300x200.jpg"}],"twitter_card":"summary_large_image","twitter_misc":{"Tiempo de lectura":"2 minutos"},"schema":{"@context":"https:\/\/schema.org","@graph":[{"@type":"WebPage","@id":"https:\/\/biochaco.org\/en\/publicaciones-cientificas\/","url":"https:\/\/biochaco.org\/en\/publicaciones-cientificas\/","name":"Publicaciones Cient\u00edficas - BioChaco","isPartOf":{"@id":"https:\/\/biochaco.org\/es_es\/#website"},"primaryImageOfPage":{"@id":"https:\/\/biochaco.org\/en\/publicaciones-cientificas\/#primaryimage"},"image":{"@id":"https:\/\/biochaco.org\/en\/publicaciones-cientificas\/#primaryimage"},"thumbnailUrl":"https:\/\/biochaco.org\/wp-content\/uploads\/2024\/08\/Foto-de-Facebook-300x200.jpg","datePublished":"2024-04-13T20:59:26+00:00","dateModified":"2024-08-29T12:31:49+00:00","breadcrumb":{"@id":"https:\/\/biochaco.org\/en\/publicaciones-cientificas\/#breadcrumb"},"inLanguage":"es","potentialAction":[{"@type":"ReadAction","target":["https:\/\/biochaco.org\/en\/publicaciones-cientificas\/"]}]},{"@type":"ImageObject","inLanguage":"es","@id":"https:\/\/biochaco.org\/en\/publicaciones-cientificas\/#primaryimage","url":"https:\/\/biochaco.org\/wp-content\/uploads\/2024\/08\/Foto-de-Facebook.jpg","contentUrl":"https:\/\/biochaco.org\/wp-content\/uploads\/2024\/08\/Foto-de-Facebook.jpg","width":672,"height":448},{"@type":"BreadcrumbList","@id":"https:\/\/biochaco.org\/en\/publicaciones-cientificas\/#breadcrumb","itemListElement":[{"@type":"ListItem","position":1,"name":"Home","item":"https:\/\/biochaco.org\/es_es\/"},{"@type":"ListItem","position":2,"name":"Publicaciones Cient\u00edficas"}]},{"@type":"WebSite","@id":"https:\/\/biochaco.org\/es_es\/#website","url":"https:\/\/biochaco.org\/es_es\/","name":"BioChaco","description":"Fundaci\u00f3n Biodiversidad del Gran Chaco BioChaco Villa Montes","publisher":{"@id":"https:\/\/biochaco.org\/es_es\/#organization"},"potentialAction":[{"@type":"SearchAction","target":{"@type":"EntryPoint","urlTemplate":"https:\/\/biochaco.org\/es_es\/?s={search_term_string}"},"query-input":"required name=search_term_string"}],"inLanguage":"es"},{"@type":"Organization","@id":"https:\/\/biochaco.org\/es_es\/#organization","name":"BioChaco","url":"https:\/\/biochaco.org\/es_es\/","logo":{"@type":"ImageObject","inLanguage":"es","@id":"https:\/\/biochaco.org\/es_es\/#\/schema\/logo\/image\/","url":"https:\/\/biochaco.org\/wp-content\/uploads\/2022\/03\/logo-biochaco-dark.png","contentUrl":"https:\/\/biochaco.org\/wp-content\/uploads\/2022\/03\/logo-biochaco-dark.png","width":350,"height":271,"caption":"BioChaco"},"image":{"@id":"https:\/\/biochaco.org\/es_es\/#\/schema\/logo\/image\/"}}]}},"_links":{"self":[{"href":"https:\/\/biochaco.org\/es_es\/wp-json\/wp\/v2\/pages\/2287","targetHints":{"allow":["GET"]}}],"collection":[{"href":"https:\/\/biochaco.org\/es_es\/wp-json\/wp\/v2\/pages"}],"about":[{"href":"https:\/\/biochaco.org\/es_es\/wp-json\/wp\/v2\/types\/page"}],"author":[{"embeddable":true,"href":"https:\/\/biochaco.org\/es_es\/wp-json\/wp\/v2\/users\/1"}],"replies":[{"embeddable":true,"href":"https:\/\/biochaco.org\/es_es\/wp-json\/wp\/v2\/comments?post=2287"}],"version-history":[{"count":7,"href":"https:\/\/biochaco.org\/es_es\/wp-json\/wp\/v2\/pages\/2287\/revisions"}],"predecessor-version":[{"id":3190,"href":"https:\/\/biochaco.org\/es_es\/wp-json\/wp\/v2\/pages\/2287\/revisions\/3190"}],"wp:attachment":[{"href":"https:\/\/biochaco.org\/es_es\/wp-json\/wp\/v2\/media?parent=2287"}],"curies":[{"name":"wp","href":"https:\/\/api.w.org\/{rel}","templated":true}]}}