{"id":2316,"date":"2024-04-13T20:11:32","date_gmt":"2024-04-14T00:11:32","guid":{"rendered":"https:\/\/biochaco.org\/?page_id=2316"},"modified":"2024-05-11T09:53:16","modified_gmt":"2024-05-11T13:53:16","slug":"actividades","status":"publish","type":"page","link":"https:\/\/biochaco.org\/es_es\/actividades\/","title":{"rendered":"Actividades"},"content":{"rendered":"\t\t<div data-elementor-type=\"wp-page\" data-elementor-id=\"2316\" class=\"elementor elementor-2316\" data-elementor-post-type=\"page\">\n\t\t\t\t<div class=\"elementor-element elementor-element-840985a e-flex e-con-boxed e-con e-parent\" data-id=\"840985a\" data-element_type=\"container\" data-settings=\"{&quot;background_background&quot;:&quot;classic&quot;}\" data-core-v316-plus=\"true\">\n\t\t\t\t\t<div class=\"e-con-inner\">\n\t\t<div class=\"elementor-element elementor-element-f095a6a e-con-full e-flex e-con e-child\" data-id=\"f095a6a\" data-element_type=\"container\">\n\t\t<div class=\"elementor-element elementor-element-ad10ebb e-con-full e-flex e-con e-child\" data-id=\"ad10ebb\" data-element_type=\"container\">\n\t\t<div class=\"elementor-element elementor-element-e941dd6 e-con-full e-flex e-con e-child\" data-id=\"e941dd6\" data-element_type=\"container\">\n\t\t\t\t<div class=\"elementor-element elementor-element-8d79116 elementor-widget elementor-widget-heading\" data-id=\"8d79116\" data-element_type=\"widget\" data-widget_type=\"heading.default\">\n\t\t\t\t<div class=\"elementor-widget-container\">\n\t\t\t<style>\/*! elementor - v3.20.0 - 11-03-2024 *\/\n.elementor-heading-title{padding:0;margin:0;line-height:1}.elementor-widget-heading .elementor-heading-title[class*=elementor-size-]>a{color:inherit;font-size:inherit;line-height:inherit}.elementor-widget-heading .elementor-heading-title.elementor-size-small{font-size:15px}.elementor-widget-heading .elementor-heading-title.elementor-size-medium{font-size:19px}.elementor-widget-heading .elementor-heading-title.elementor-size-large{font-size:29px}.elementor-widget-heading .elementor-heading-title.elementor-size-xl{font-size:39px}.elementor-widget-heading .elementor-heading-title.elementor-size-xxl{font-size:59px}<\/style><h1 class=\"elementor-heading-title elementor-size-default\">Actividades<\/h1>\t\t<\/div>\n\t\t\t\t<\/div>\n\t\t\t\t<div class=\"elementor-element elementor-element-066101e elementor-widget elementor-widget-text-editor\" data-id=\"066101e\" data-element_type=\"widget\" data-widget_type=\"text-editor.default\">\n\t\t\t\t<div class=\"elementor-widget-container\">\n\t\t\t<style>\/*! elementor - v3.20.0 - 11-03-2024 *\/\n.elementor-widget-text-editor.elementor-drop-cap-view-stacked .elementor-drop-cap{background-color:#69727d;color:#fff}.elementor-widget-text-editor.elementor-drop-cap-view-framed .elementor-drop-cap{color:#69727d;border:3px solid;background-color:transparent}.elementor-widget-text-editor:not(.elementor-drop-cap-view-default) .elementor-drop-cap{margin-top:8px}.elementor-widget-text-editor:not(.elementor-drop-cap-view-default) .elementor-drop-cap-letter{width:1em;height:1em}.elementor-widget-text-editor .elementor-drop-cap{float:left;text-align:center;line-height:1;font-size:50px}.elementor-widget-text-editor .elementor-drop-cap-letter{display:inline-block}<\/style>\t\t\t\t<p>Explora nuestro compromiso con la conservaci\u00f3n y el cuidado del medio ambiente a trav\u00e9s de una amplia gama de actividades dedicadas a la flora y fauna. Desde programas de educaci\u00f3n ambiental hasta proyectos de restauraci\u00f3n de ecosistemas, nuestra organizaci\u00f3n est\u00e1 dedicada a proteger y promover la biodiversidad.<\/p>\t\t\t\t\t\t<\/div>\n\t\t\t\t<\/div>\n\t\t\t\t<\/div>\n\t\t\t\t<\/div>\n\t\t\t\t<\/div>\n\t\t\t\t\t<\/div>\n\t\t\t\t<\/div>\n\t\t<div class=\"elementor-element elementor-element-f263080 e-flex e-con-boxed e-con e-parent\" data-id=\"f263080\" data-element_type=\"container\" data-core-v316-plus=\"true\">\n\t\t\t\t\t<div class=\"e-con-inner\">\n\t\t<div class=\"elementor-element elementor-element-eccd580 e-flex e-con-boxed e-con e-child\" data-id=\"eccd580\" data-element_type=\"container\">\n\t\t\t\t\t<div class=\"e-con-inner\">\n\t\t<div class=\"elementor-element elementor-element-bd6de01 e-flex e-con-boxed e-con e-child\" data-id=\"bd6de01\" data-element_type=\"container\" data-settings=\"{&quot;background_background&quot;:&quot;classic&quot;}\">\n\t\t\t\t\t<div class=\"e-con-inner\">\n\t\t<div class=\"elementor-element elementor-element-8201738 e-flex e-con-boxed e-con e-child\" data-id=\"8201738\" data-element_type=\"container\">\n\t\t\t\t\t<div class=\"e-con-inner\">\n\t\t\t\t<div class=\"elementor-element elementor-element-baf5670 elementor-widget elementor-widget-text-editor\" data-id=\"baf5670\" data-element_type=\"widget\" data-widget_type=\"text-editor.default\">\n\t\t\t\t<div class=\"elementor-widget-container\">\n\t\t\t\t\t\t\tCONTENTS\t\t\t\t\t\t<\/div>\n\t\t\t\t<\/div>\n\t\t\t\t\t<\/div>\n\t\t\t\t<\/div>\n\t\t\t\t\t<\/div>\n\t\t\t\t<\/div>\n\t\t\t\t\t<\/div>\n\t\t\t\t<\/div>\n\t\t\t\t\t<\/div>\n\t\t\t\t<\/div>\n\t\t\t\t<\/div>\n\t\t","protected":false},"excerpt":{"rendered":"<p>Actividades Explora nuestro compromiso con la conservaci\u00f3n y el cuidado del medio ambiente a trav\u00e9s de una amplia gama de actividades dedicadas a la flora y fauna. Desde programas de educaci\u00f3n ambiental hasta proyectos de restauraci\u00f3n de ecosistemas, nuestra organizaci\u00f3n est\u00e1 dedicada a proteger y promover la biodiversidad. CONTENTS<\/p>\n","protected":false},"author":1,"featured_media":0,"parent":0,"menu_order":0,"comment_status":"closed","ping_status":"closed","template":"","meta":{"site-sidebar-layout":"no-sidebar","site-content-layout":"page-builder","ast-site-content-layout":"full-width-container","site-content-style":"default","site-sidebar-style":"default","ast-global-header-display":"","ast-banner-title-visibility":"","ast-main-header-display":"","ast-hfb-above-header-display":"","ast-hfb-below-header-display":"","ast-hfb-mobile-header-display":"","site-post-title":"disabled","ast-breadcrumbs-content":"","ast-featured-img":"disabled","footer-sml-layout":"","theme-transparent-header-meta":"","adv-header-id-meta":"","stick-header-meta":"","header-above-stick-meta":"","header-main-stick-meta":"","header-below-stick-meta":"","astra-migrate-meta-layouts":"set","ast-page-background-enabled":"default","ast-page-background-meta":{"desktop":{"background-color":"var(--ast-global-color-4)","background-image":"","background-repeat":"repeat","background-position":"center center","background-size":"auto","background-attachment":"scroll","background-type":"","background-media":"","overlay-type":"","overlay-color":"","overlay-gradient":""},"tablet":{"background-color":"","background-image":"","background-repeat":"repeat","background-position":"center center","background-size":"auto","background-attachment":"scroll","background-type":"","background-media":"","overlay-type":"","overlay-color":"","overlay-gradient":""},"mobile":{"background-color":"","background-image":"","background-repeat":"repeat","background-position":"center center","background-size":"auto","background-attachment":"scroll","background-type":"","background-media":"","overlay-type":"","overlay-color":"","overlay-gradient":""}},"ast-content-background-meta":{"desktop":{"background-color":"var(--ast-global-color-5)","background-image":"","background-repeat":"repeat","background-position":"center center","background-size":"auto","background-attachment":"scroll","background-type":"","background-media":"","overlay-type":"","overlay-color":"","overlay-gradient":""},"tablet":{"background-color":"var(--ast-global-color-5)","background-image":"","background-repeat":"repeat","background-position":"center center","background-size":"auto","background-attachment":"scroll","background-type":"","background-media":"","overlay-type":"","overlay-color":"","overlay-gradient":""},"mobile":{"background-color":"var(--ast-global-color-5)","background-image":"","background-repeat":"repeat","background-position":"center center","background-size":"auto","background-attachment":"scroll","background-type":"","background-media":"","overlay-type":"","overlay-color":"","overlay-gradient":""}},"footnotes":""},"class_list":["post-2316","page","type-page","status-publish","hentry"],"yoast_head":"<!-- This site is optimized with the Yoast SEO plugin v22.3 - https:\/\/yoast.com\/wordpress\/plugins\/seo\/ -->\n<title>Actividades - BioChaco<\/title>\n<meta name=\"robots\" content=\"index, follow, max-snippet:-1, max-image-preview:large, max-video-preview:-1\" \/>\n<link rel=\"canonical\" href=\"https:\/\/biochaco.org\/es_es\/actividades\/\" \/>\n<meta property=\"og:locale\" content=\"es_ES\" \/>\n<meta property=\"og:type\" content=\"article\" \/>\n<meta property=\"og:title\" content=\"Actividades - BioChaco\" \/>\n<meta property=\"og:description\" content=\"Actividades Explora nuestro compromiso con la conservaci\u00f3n y el cuidado del medio ambiente a trav\u00e9s de una amplia gama de actividades dedicadas a la flora y fauna. Desde programas de educaci\u00f3n ambiental hasta proyectos de restauraci\u00f3n de ecosistemas, nuestra organizaci\u00f3n est\u00e1 dedicada a proteger y promover la biodiversidad. CONTENTS\" \/>\n<meta property=\"og:url\" content=\"https:\/\/biochaco.org\/es_es\/actividades\/\" \/>\n<meta property=\"og:site_name\" content=\"BioChaco\" \/>\n<meta property=\"article:modified_time\" content=\"2024-05-11T13:53:16+00:00\" \/>\n<meta name=\"twitter:card\" content=\"summary_large_image\" \/>\n<meta name=\"twitter:label1\" content=\"Tiempo de lectura\" \/>\n\t<meta name=\"twitter:data1\" content=\"1 minuto\" \/>\n<script type=\"application\/ld+json\" class=\"yoast-schema-graph\">{\"@context\":\"https:\/\/schema.org\",\"@graph\":[{\"@type\":\"WebPage\",\"@id\":\"https:\/\/biochaco.org\/en\/actividades\/\",\"url\":\"https:\/\/biochaco.org\/en\/actividades\/\",\"name\":\"Actividades - BioChaco\",\"isPartOf\":{\"@id\":\"https:\/\/biochaco.org\/es_es\/#website\"},\"datePublished\":\"2024-04-14T00:11:32+00:00\",\"dateModified\":\"2024-05-11T13:53:16+00:00\",\"breadcrumb\":{\"@id\":\"https:\/\/biochaco.org\/en\/actividades\/#breadcrumb\"},\"inLanguage\":\"es\",\"potentialAction\":[{\"@type\":\"ReadAction\",\"target\":[\"https:\/\/biochaco.org\/en\/actividades\/\"]}]},{\"@type\":\"BreadcrumbList\",\"@id\":\"https:\/\/biochaco.org\/en\/actividades\/#breadcrumb\",\"itemListElement\":[{\"@type\":\"ListItem\",\"position\":1,\"name\":\"Home\",\"item\":\"https:\/\/biochaco.org\/es_es\/\"},{\"@type\":\"ListItem\",\"position\":2,\"name\":\"Actividades\"}]},{\"@type\":\"WebSite\",\"@id\":\"https:\/\/biochaco.org\/es_es\/#website\",\"url\":\"https:\/\/biochaco.org\/es_es\/\",\"name\":\"BioChaco\",\"description\":\"Fundaci\u00f3n Biodiversidad del Gran Chaco BioChaco Villa Montes\",\"publisher\":{\"@id\":\"https:\/\/biochaco.org\/es_es\/#organization\"},\"potentialAction\":[{\"@type\":\"SearchAction\",\"target\":{\"@type\":\"EntryPoint\",\"urlTemplate\":\"https:\/\/biochaco.org\/es_es\/?s={search_term_string}\"},\"query-input\":\"required name=search_term_string\"}],\"inLanguage\":\"es\"},{\"@type\":\"Organization\",\"@id\":\"https:\/\/biochaco.org\/es_es\/#organization\",\"name\":\"BioChaco\",\"url\":\"https:\/\/biochaco.org\/es_es\/\",\"logo\":{\"@type\":\"ImageObject\",\"inLanguage\":\"es\",\"@id\":\"https:\/\/biochaco.org\/es_es\/#\/schema\/logo\/image\/\",\"url\":\"https:\/\/biochaco.org\/wp-content\/uploads\/2022\/03\/logo-biochaco-dark.png\",\"contentUrl\":\"https:\/\/biochaco.org\/wp-content\/uploads\/2022\/03\/logo-biochaco-dark.png\",\"width\":350,\"height\":271,\"caption\":\"BioChaco\"},\"image\":{\"@id\":\"https:\/\/biochaco.org\/es_es\/#\/schema\/logo\/image\/\"}}]}<\/script>\n<!-- \/ Yoast SEO plugin. -->","yoast_head_json":{"title":"Actividades - BioChaco","robots":{"index":"index","follow":"follow","max-snippet":"max-snippet:-1","max-image-preview":"max-image-preview:large","max-video-preview":"max-video-preview:-1"},"canonical":"https:\/\/biochaco.org\/es_es\/actividades\/","og_locale":"es_ES","og_type":"article","og_title":"Actividades - BioChaco","og_description":"Actividades Explora nuestro compromiso con la conservaci\u00f3n y el cuidado del medio ambiente a trav\u00e9s de una amplia gama de actividades dedicadas a la flora y fauna. Desde programas de educaci\u00f3n ambiental hasta proyectos de restauraci\u00f3n de ecosistemas, nuestra organizaci\u00f3n est\u00e1 dedicada a proteger y promover la biodiversidad. CONTENTS","og_url":"https:\/\/biochaco.org\/es_es\/actividades\/","og_site_name":"BioChaco","article_modified_time":"2024-05-11T13:53:16+00:00","twitter_card":"summary_large_image","twitter_misc":{"Tiempo de lectura":"1 minuto"},"schema":{"@context":"https:\/\/schema.org","@graph":[{"@type":"WebPage","@id":"https:\/\/biochaco.org\/en\/actividades\/","url":"https:\/\/biochaco.org\/en\/actividades\/","name":"Actividades - BioChaco","isPartOf":{"@id":"https:\/\/biochaco.org\/es_es\/#website"},"datePublished":"2024-04-14T00:11:32+00:00","dateModified":"2024-05-11T13:53:16+00:00","breadcrumb":{"@id":"https:\/\/biochaco.org\/en\/actividades\/#breadcrumb"},"inLanguage":"es","potentialAction":[{"@type":"ReadAction","target":["https:\/\/biochaco.org\/en\/actividades\/"]}]},{"@type":"BreadcrumbList","@id":"https:\/\/biochaco.org\/en\/actividades\/#breadcrumb","itemListElement":[{"@type":"ListItem","position":1,"name":"Home","item":"https:\/\/biochaco.org\/es_es\/"},{"@type":"ListItem","position":2,"name":"Actividades"}]},{"@type":"WebSite","@id":"https:\/\/biochaco.org\/es_es\/#website","url":"https:\/\/biochaco.org\/es_es\/","name":"BioChaco","description":"Fundaci\u00f3n Biodiversidad del Gran Chaco BioChaco Villa Montes","publisher":{"@id":"https:\/\/biochaco.org\/es_es\/#organization"},"potentialAction":[{"@type":"SearchAction","target":{"@type":"EntryPoint","urlTemplate":"https:\/\/biochaco.org\/es_es\/?s={search_term_string}"},"query-input":"required name=search_term_string"}],"inLanguage":"es"},{"@type":"Organization","@id":"https:\/\/biochaco.org\/es_es\/#organization","name":"BioChaco","url":"https:\/\/biochaco.org\/es_es\/","logo":{"@type":"ImageObject","inLanguage":"es","@id":"https:\/\/biochaco.org\/es_es\/#\/schema\/logo\/image\/","url":"https:\/\/biochaco.org\/wp-content\/uploads\/2022\/03\/logo-biochaco-dark.png","contentUrl":"https:\/\/biochaco.org\/wp-content\/uploads\/2022\/03\/logo-biochaco-dark.png","width":350,"height":271,"caption":"BioChaco"},"image":{"@id":"https:\/\/biochaco.org\/es_es\/#\/schema\/logo\/image\/"}}]}},"_links":{"self":[{"href":"https:\/\/biochaco.org\/es_es\/wp-json\/wp\/v2\/pages\/2316","targetHints":{"allow":["GET"]}}],"collection":[{"href":"https:\/\/biochaco.org\/es_es\/wp-json\/wp\/v2\/pages"}],"about":[{"href":"https:\/\/biochaco.org\/es_es\/wp-json\/wp\/v2\/types\/page"}],"author":[{"embeddable":true,"href":"https:\/\/biochaco.org\/es_es\/wp-json\/wp\/v2\/users\/1"}],"replies":[{"embeddable":true,"href":"https:\/\/biochaco.org\/es_es\/wp-json\/wp\/v2\/comments?post=2316"}],"version-history":[{"count":40,"href":"https:\/\/biochaco.org\/es_es\/wp-json\/wp\/v2\/pages\/2316\/revisions"}],"predecessor-version":[{"id":2627,"href":"https:\/\/biochaco.org\/es_es\/wp-json\/wp\/v2\/pages\/2316\/revisions\/2627"}],"wp:attachment":[{"href":"https:\/\/biochaco.org\/es_es\/wp-json\/wp\/v2\/media?parent=2316"}],"curies":[{"name":"wp","href":"https:\/\/api.w.org\/{rel}","templated":true}]}}