{"id":2632,"date":"2024-05-11T10:01:50","date_gmt":"2024-05-11T14:01:50","guid":{"rendered":"https:\/\/biochaco.org\/?page_id=2632"},"modified":"2024-06-08T11:41:48","modified_gmt":"2024-06-08T15:41:48","slug":"nuestro-directorio","status":"publish","type":"page","link":"https:\/\/biochaco.org\/es_es\/nuestro-directorio\/","title":{"rendered":"Nuestro Directorio"},"content":{"rendered":"\t\t<div data-elementor-type=\"wp-page\" data-elementor-id=\"2632\" class=\"elementor elementor-2632\" data-elementor-post-type=\"page\">\n\t\t\t\t<div class=\"elementor-element elementor-element-f7390f2 e-flex e-con-boxed e-con e-parent\" data-id=\"f7390f2\" data-element_type=\"container\" data-core-v316-plus=\"true\">\n\t\t\t\t\t<div class=\"e-con-inner\">\n\t\t\t\t<div class=\"elementor-element elementor-element-b1440bd elementor-widget elementor-widget-heading\" data-id=\"b1440bd\" data-element_type=\"widget\" data-widget_type=\"heading.default\">\n\t\t\t\t<div class=\"elementor-widget-container\">\n\t\t\t<style>\/*! elementor - v3.20.0 - 11-03-2024 *\/\n.elementor-heading-title{padding:0;margin:0;line-height:1}.elementor-widget-heading .elementor-heading-title[class*=elementor-size-]>a{color:inherit;font-size:inherit;line-height:inherit}.elementor-widget-heading .elementor-heading-title.elementor-size-small{font-size:15px}.elementor-widget-heading .elementor-heading-title.elementor-size-medium{font-size:19px}.elementor-widget-heading .elementor-heading-title.elementor-size-large{font-size:29px}.elementor-widget-heading .elementor-heading-title.elementor-size-xl{font-size:39px}.elementor-widget-heading .elementor-heading-title.elementor-size-xxl{font-size:59px}<\/style><h2 class=\"elementor-heading-title elementor-size-default\">Nuestro Directorio<\/h2>\t\t<\/div>\n\t\t\t\t<\/div>\n\t\t\t\t\t<\/div>\n\t\t\t\t<\/div>\n\t\t<div class=\"elementor-element elementor-element-e80be32 e-flex e-con-boxed e-con e-parent\" data-id=\"e80be32\" data-element_type=\"container\" data-core-v316-plus=\"true\">\n\t\t\t\t\t<div class=\"e-con-inner\">\n\t\t<div class=\"elementor-element elementor-element-1751f0b e-con-full e-flex e-con e-child\" data-id=\"1751f0b\" data-element_type=\"container\">\n\t\t\t\t<div class=\"elementor-element elementor-element-38a33fe eael-team-align-eael-team-align-default elementor-widget elementor-widget-eael-team-member\" data-id=\"38a33fe\" data-element_type=\"widget\" data-widget_type=\"eael-team-member.default\">\n\t\t\t\t<div class=\"elementor-widget-container\">\n\t\t\t\n\n\t<div id=\"eael-team-member-38a33fe\" class=\"eael-team-item eael-team-members-simple team-avatar-rounded\">\n\t\t<div class=\"eael-team-item-inner\">\n\t\t\t<div class=\"eael-team-image\">\n\t\t\t\t<figure>\n\t\t\t\t\t<img decoding=\"async\" src=\"https:\/\/biochaco.org\/wp-content\/uploads\/2024\/05\/Ludmila-cropped.png\" alt=\"\">\n\t\t\t\t<\/figure>\n\t\t\t\t\n\t\t\t\t\n\t\t\t<\/div>\n\n\t\t\t<div class=\"eael-team-content\">\n\t\t\t\t<h2 class=\"eael-team-member-name\">Ludmila Pizarro Rios<\/h2>\n\t\t\t\t<h3 class=\"eael-team-member-position\">Presidenta<\/h3>\n\n\t\t\t\t\t\t\t\t\t\t\t\t\t\t<p class=\"eael-team-text\"><\/p>\n\t\t\t\t\t\t\t<\/div>\n\t\t<\/div>\n\t<\/div>\n\t\t\t<\/div>\n\t\t\t\t<\/div>\n\t\t\t\t<\/div>\n\t\t<div class=\"elementor-element elementor-element-f866429 e-con-full e-flex e-con e-child\" data-id=\"f866429\" data-element_type=\"container\">\n\t\t\t\t<div class=\"elementor-element elementor-element-bc628da eael-team-align-eael-team-align-default elementor-widget elementor-widget-eael-team-member\" data-id=\"bc628da\" data-element_type=\"widget\" data-widget_type=\"eael-team-member.default\">\n\t\t\t\t<div class=\"elementor-widget-container\">\n\t\t\t\n\n\t<div id=\"eael-team-member-bc628da\" class=\"eael-team-item eael-team-members-simple team-avatar-rounded\">\n\t\t<div class=\"eael-team-item-inner\">\n\t\t\t<div class=\"eael-team-image\">\n\t\t\t\t<figure>\n\t\t\t\t\t<img decoding=\"async\" src=\"https:\/\/biochaco.org\/wp-content\/uploads\/2024\/06\/Cesar-A-square.jpg\" alt=\"\">\n\t\t\t\t<\/figure>\n\t\t\t\t\n\t\t\t\t\n\t\t\t<\/div>\n\n\t\t\t<div class=\"eael-team-content\">\n\t\t\t\t<h2 class=\"eael-team-member-name\">C\u00e9sar Augusto Pizarro Rios <\/h2>\n\t\t\t\t<h3 class=\"eael-team-member-position\">Vicepresidente<\/h3>\n\n\t\t\t\t\t\t\t\t\t\t\t\t\t\t<p class=\"eael-team-text\"><\/p>\n\t\t\t\t\t\t\t<\/div>\n\t\t<\/div>\n\t<\/div>\n\t\t\t<\/div>\n\t\t\t\t<\/div>\n\t\t\t\t<\/div>\n\t\t<div class=\"elementor-element elementor-element-bef5e3a e-con-full e-flex e-con e-child\" data-id=\"bef5e3a\" data-element_type=\"container\">\n\t\t\t\t<div class=\"elementor-element elementor-element-6d5d72b eael-team-align-eael-team-align-default elementor-widget elementor-widget-eael-team-member\" data-id=\"6d5d72b\" data-element_type=\"widget\" data-widget_type=\"eael-team-member.default\">\n\t\t\t\t<div class=\"elementor-widget-container\">\n\t\t\t\n\n\t<div id=\"eael-team-member-6d5d72b\" class=\"eael-team-item eael-team-members-simple team-avatar-rounded\">\n\t\t<div class=\"eael-team-item-inner\">\n\t\t\t<div class=\"eael-team-image\">\n\t\t\t\t<figure>\n\t\t\t\t\t<img decoding=\"async\" src=\"https:\/\/biochaco.org\/wp-content\/uploads\/2024\/05\/maria_justa_square.jpeg\" alt=\"\">\n\t\t\t\t<\/figure>\n\t\t\t\t\n\t\t\t\t\n\t\t\t<\/div>\n\n\t\t\t<div class=\"eael-team-content\">\n\t\t\t\t<h2 class=\"eael-team-member-name\">Mar\u00eda Justa Fern\u00e1ndez S.<\/h2>\n\t\t\t\t<h3 class=\"eael-team-member-position\">Secretaria de Actas<\/h3>\n\n\t\t\t\t\t\t\t\t\t\t\t\t\t\t<p class=\"eael-team-text\"><\/p>\n\t\t\t\t\t\t\t<\/div>\n\t\t<\/div>\n\t<\/div>\n\t\t\t<\/div>\n\t\t\t\t<\/div>\n\t\t\t\t<\/div>\n\t\t<div class=\"elementor-element elementor-element-3e02b4a e-con-full e-flex e-con e-child\" data-id=\"3e02b4a\" data-element_type=\"container\">\n\t\t\t\t<div class=\"elementor-element elementor-element-ea84594 eael-team-align-eael-team-align-default elementor-widget elementor-widget-eael-team-member\" data-id=\"ea84594\" data-element_type=\"widget\" data-widget_type=\"eael-team-member.default\">\n\t\t\t\t<div class=\"elementor-widget-container\">\n\t\t\t\n\n\t<div id=\"eael-team-member-ea84594\" class=\"eael-team-item eael-team-members-simple team-avatar-rounded\">\n\t\t<div class=\"eael-team-item-inner\">\n\t\t\t<div class=\"eael-team-image\">\n\t\t\t\t<figure>\n\t\t\t\t\t<img decoding=\"async\" src=\"https:\/\/biochaco.org\/wp-content\/uploads\/2024\/05\/arlet.jpeg\" alt=\"\">\n\t\t\t\t<\/figure>\n\t\t\t\t\n\t\t\t\t\n\t\t\t<\/div>\n\n\t\t\t<div class=\"eael-team-content\">\n\t\t\t\t<h2 class=\"eael-team-member-name\">Arlet Leidy Salazar Pozo<\/h2>\n\t\t\t\t<h3 class=\"eael-team-member-position\">Secretaria de Hacienda<\/h3>\n\n\t\t\t\t\t\t\t\t\t\t\t\t\t\t<p class=\"eael-team-text\"><\/p>\n\t\t\t\t\t\t\t<\/div>\n\t\t<\/div>\n\t<\/div>\n\t\t\t<\/div>\n\t\t\t\t<\/div>\n\t\t\t\t<\/div>\n\t\t<div class=\"elementor-element elementor-element-c87dd03 e-con-full e-flex e-con e-child\" data-id=\"c87dd03\" data-element_type=\"container\">\n\t\t\t\t<div class=\"elementor-element elementor-element-5b2bf19 eael-team-align-eael-team-align-default elementor-widget elementor-widget-eael-team-member\" data-id=\"5b2bf19\" data-element_type=\"widget\" data-widget_type=\"eael-team-member.default\">\n\t\t\t\t<div class=\"elementor-widget-container\">\n\t\t\t\n\n\t<div id=\"eael-team-member-5b2bf19\" class=\"eael-team-item eael-team-members-simple team-avatar-rounded\">\n\t\t<div class=\"eael-team-item-inner\">\n\t\t\t<div class=\"eael-team-image\">\n\t\t\t\t<figure>\n\t\t\t\t\t<img decoding=\"async\" src=\"https:\/\/biochaco.org\/wp-content\/uploads\/2024\/05\/pablo.jpg\" alt=\"\">\n\t\t\t\t<\/figure>\n\t\t\t\t\n\t\t\t\t\n\t\t\t<\/div>\n\n\t\t\t<div class=\"eael-team-content\">\n\t\t\t\t<h2 class=\"eael-team-member-name\">Pablo Pietro Bellott I.<\/h2>\n\t\t\t\t<h3 class=\"eael-team-member-position\">Secretario de Prensa y Comunicaci\u00f3n<\/h3>\n\n\t\t\t\t\t\t\t\t\t\t\t\t\t\t<p class=\"eael-team-text\"><\/p>\n\t\t\t\t\t\t\t<\/div>\n\t\t<\/div>\n\t<\/div>\n\t\t\t<\/div>\n\t\t\t\t<\/div>\n\t\t\t\t<\/div>\n\t\t<div class=\"elementor-element elementor-element-8b4a54c e-con-full e-flex e-con e-child\" data-id=\"8b4a54c\" data-element_type=\"container\">\n\t\t\t\t<div class=\"elementor-element elementor-element-2de9bd7 eael-team-align-eael-team-align-default elementor-widget elementor-widget-eael-team-member\" data-id=\"2de9bd7\" data-element_type=\"widget\" data-widget_type=\"eael-team-member.default\">\n\t\t\t\t<div class=\"elementor-widget-container\">\n\t\t\t\n\n\t<div id=\"eael-team-member-2de9bd7\" class=\"eael-team-item eael-team-members-simple team-avatar-rounded\">\n\t\t<div class=\"eael-team-item-inner\">\n\t\t\t<div class=\"eael-team-image\">\n\t\t\t\t<figure>\n\t\t\t\t\t<img decoding=\"async\" src=\"https:\/\/biochaco.org\/wp-content\/uploads\/2024\/05\/lourdes.jpg\" alt=\"\">\n\t\t\t\t<\/figure>\n\t\t\t\t\n\t\t\t\t\n\t\t\t<\/div>\n\n\t\t\t<div class=\"eael-team-content\">\n\t\t\t\t<h2 class=\"eael-team-member-name\">Lourdes Rivero Delgado<\/h2>\n\t\t\t\t<h3 class=\"eael-team-member-position\">Vocal<\/h3>\n\n\t\t\t\t\t\t\t\t\t\t\t\t\t\t<p class=\"eael-team-text\"><\/p>\n\t\t\t\t\t\t\t<\/div>\n\t\t<\/div>\n\t<\/div>\n\t\t\t<\/div>\n\t\t\t\t<\/div>\n\t\t\t\t<\/div>\n\t\t\t\t\t<\/div>\n\t\t\t\t<\/div>\n\t\t\t\t<\/div>\n\t\t","protected":false},"excerpt":{"rendered":"<p>Nuestro Directorio Ludmila Pizarro Rios Presidenta C\u00e9sar Augusto Pizarro Rios Vicepresidente Mar\u00eda Justa Fern\u00e1ndez S. Secretaria de Actas Arlet Leidy Salazar Pozo Secretaria de Hacienda Pablo Pietro Bellott I. Secretario de Prensa y Comunicaci\u00f3n Lourdes Rivero Delgado Vocal<\/p>\n","protected":false},"author":1,"featured_media":0,"parent":0,"menu_order":0,"comment_status":"closed","ping_status":"closed","template":"","meta":{"site-sidebar-layout":"no-sidebar","site-content-layout":"page-builder","ast-site-content-layout":"full-width-container","site-content-style":"default","site-sidebar-style":"default","ast-global-header-display":"","ast-banner-title-visibility":"","ast-main-header-display":"","ast-hfb-above-header-display":"","ast-hfb-below-header-display":"","ast-hfb-mobile-header-display":"","site-post-title":"disabled","ast-breadcrumbs-content":"","ast-featured-img":"disabled","footer-sml-layout":"","theme-transparent-header-meta":"","adv-header-id-meta":"","stick-header-meta":"","header-above-stick-meta":"","header-main-stick-meta":"","header-below-stick-meta":"","astra-migrate-meta-layouts":"set","ast-page-background-enabled":"default","ast-page-background-meta":{"desktop":{"background-color":"var(--ast-global-color-4)","background-image":"","background-repeat":"repeat","background-position":"center center","background-size":"auto","background-attachment":"scroll","background-type":"","background-media":"","overlay-type":"","overlay-color":"","overlay-gradient":""},"tablet":{"background-color":"","background-image":"","background-repeat":"repeat","background-position":"center center","background-size":"auto","background-attachment":"scroll","background-type":"","background-media":"","overlay-type":"","overlay-color":"","overlay-gradient":""},"mobile":{"background-color":"","background-image":"","background-repeat":"repeat","background-position":"center center","background-size":"auto","background-attachment":"scroll","background-type":"","background-media":"","overlay-type":"","overlay-color":"","overlay-gradient":""}},"ast-content-background-meta":{"desktop":{"background-color":"var(--ast-global-color-5)","background-image":"","background-repeat":"repeat","background-position":"center center","background-size":"auto","background-attachment":"scroll","background-type":"","background-media":"","overlay-type":"","overlay-color":"","overlay-gradient":""},"tablet":{"background-color":"var(--ast-global-color-5)","background-image":"","background-repeat":"repeat","background-position":"center center","background-size":"auto","background-attachment":"scroll","background-type":"","background-media":"","overlay-type":"","overlay-color":"","overlay-gradient":""},"mobile":{"background-color":"var(--ast-global-color-5)","background-image":"","background-repeat":"repeat","background-position":"center center","background-size":"auto","background-attachment":"scroll","background-type":"","background-media":"","overlay-type":"","overlay-color":"","overlay-gradient":""}},"footnotes":""},"class_list":["post-2632","page","type-page","status-publish","hentry"],"yoast_head":"<!-- This site is optimized with the Yoast SEO plugin v22.3 - https:\/\/yoast.com\/wordpress\/plugins\/seo\/ -->\n<title>Nuestro Directorio - BioChaco<\/title>\n<meta name=\"robots\" content=\"index, follow, max-snippet:-1, max-image-preview:large, max-video-preview:-1\" \/>\n<link rel=\"canonical\" href=\"https:\/\/biochaco.org\/es_es\/nuestro-directorio\/\" \/>\n<meta property=\"og:locale\" content=\"es_ES\" \/>\n<meta property=\"og:type\" content=\"article\" \/>\n<meta property=\"og:title\" content=\"Nuestro Directorio - BioChaco\" \/>\n<meta property=\"og:description\" content=\"Nuestro Directorio Ludmila Pizarro Rios Presidenta C\u00e9sar Augusto Pizarro Rios Vicepresidente Mar\u00eda Justa Fern\u00e1ndez S. Secretaria de Actas Arlet Leidy Salazar Pozo Secretaria de Hacienda Pablo Pietro Bellott I. Secretario de Prensa y Comunicaci\u00f3n Lourdes Rivero Delgado Vocal\" \/>\n<meta property=\"og:url\" content=\"https:\/\/biochaco.org\/es_es\/nuestro-directorio\/\" \/>\n<meta property=\"og:site_name\" content=\"BioChaco\" \/>\n<meta property=\"article:modified_time\" content=\"2024-06-08T15:41:48+00:00\" \/>\n<meta property=\"og:image\" content=\"https:\/\/biochaco.org\/wp-content\/uploads\/2024\/05\/Ludmila-cropped.png\" \/>\n<meta name=\"twitter:card\" content=\"summary_large_image\" \/>\n<meta name=\"twitter:label1\" content=\"Tiempo de lectura\" \/>\n\t<meta name=\"twitter:data1\" content=\"2 minutos\" \/>\n<script type=\"application\/ld+json\" class=\"yoast-schema-graph\">{\"@context\":\"https:\/\/schema.org\",\"@graph\":[{\"@type\":\"WebPage\",\"@id\":\"https:\/\/biochaco.org\/en\/nuestro-directorio\/\",\"url\":\"https:\/\/biochaco.org\/en\/nuestro-directorio\/\",\"name\":\"Nuestro Directorio - BioChaco\",\"isPartOf\":{\"@id\":\"https:\/\/biochaco.org\/es_es\/#website\"},\"primaryImageOfPage\":{\"@id\":\"https:\/\/biochaco.org\/en\/nuestro-directorio\/#primaryimage\"},\"image\":{\"@id\":\"https:\/\/biochaco.org\/en\/nuestro-directorio\/#primaryimage\"},\"thumbnailUrl\":\"https:\/\/biochaco.org\/wp-content\/uploads\/2024\/05\/Ludmila-cropped.png\",\"datePublished\":\"2024-05-11T14:01:50+00:00\",\"dateModified\":\"2024-06-08T15:41:48+00:00\",\"breadcrumb\":{\"@id\":\"https:\/\/biochaco.org\/en\/nuestro-directorio\/#breadcrumb\"},\"inLanguage\":\"es\",\"potentialAction\":[{\"@type\":\"ReadAction\",\"target\":[\"https:\/\/biochaco.org\/en\/nuestro-directorio\/\"]}]},{\"@type\":\"ImageObject\",\"inLanguage\":\"es\",\"@id\":\"https:\/\/biochaco.org\/en\/nuestro-directorio\/#primaryimage\",\"url\":\"https:\/\/biochaco.org\/wp-content\/uploads\/2024\/05\/Ludmila-cropped.png\",\"contentUrl\":\"https:\/\/biochaco.org\/wp-content\/uploads\/2024\/05\/Ludmila-cropped.png\",\"width\":360,\"height\":360},{\"@type\":\"BreadcrumbList\",\"@id\":\"https:\/\/biochaco.org\/en\/nuestro-directorio\/#breadcrumb\",\"itemListElement\":[{\"@type\":\"ListItem\",\"position\":1,\"name\":\"Home\",\"item\":\"https:\/\/biochaco.org\/es_es\/\"},{\"@type\":\"ListItem\",\"position\":2,\"name\":\"Nuestro Directorio\"}]},{\"@type\":\"WebSite\",\"@id\":\"https:\/\/biochaco.org\/es_es\/#website\",\"url\":\"https:\/\/biochaco.org\/es_es\/\",\"name\":\"BioChaco\",\"description\":\"Fundaci\u00f3n Biodiversidad del Gran Chaco BioChaco Villa Montes\",\"publisher\":{\"@id\":\"https:\/\/biochaco.org\/es_es\/#organization\"},\"potentialAction\":[{\"@type\":\"SearchAction\",\"target\":{\"@type\":\"EntryPoint\",\"urlTemplate\":\"https:\/\/biochaco.org\/es_es\/?s={search_term_string}\"},\"query-input\":\"required name=search_term_string\"}],\"inLanguage\":\"es\"},{\"@type\":\"Organization\",\"@id\":\"https:\/\/biochaco.org\/es_es\/#organization\",\"name\":\"BioChaco\",\"url\":\"https:\/\/biochaco.org\/es_es\/\",\"logo\":{\"@type\":\"ImageObject\",\"inLanguage\":\"es\",\"@id\":\"https:\/\/biochaco.org\/es_es\/#\/schema\/logo\/image\/\",\"url\":\"https:\/\/biochaco.org\/wp-content\/uploads\/2022\/03\/logo-biochaco-dark.png\",\"contentUrl\":\"https:\/\/biochaco.org\/wp-content\/uploads\/2022\/03\/logo-biochaco-dark.png\",\"width\":350,\"height\":271,\"caption\":\"BioChaco\"},\"image\":{\"@id\":\"https:\/\/biochaco.org\/es_es\/#\/schema\/logo\/image\/\"}}]}<\/script>\n<!-- \/ Yoast SEO plugin. -->","yoast_head_json":{"title":"Nuestro Directorio - BioChaco","robots":{"index":"index","follow":"follow","max-snippet":"max-snippet:-1","max-image-preview":"max-image-preview:large","max-video-preview":"max-video-preview:-1"},"canonical":"https:\/\/biochaco.org\/es_es\/nuestro-directorio\/","og_locale":"es_ES","og_type":"article","og_title":"Nuestro Directorio - BioChaco","og_description":"Nuestro Directorio Ludmila Pizarro Rios Presidenta C\u00e9sar Augusto Pizarro Rios Vicepresidente Mar\u00eda Justa Fern\u00e1ndez S. Secretaria de Actas Arlet Leidy Salazar Pozo Secretaria de Hacienda Pablo Pietro Bellott I. Secretario de Prensa y Comunicaci\u00f3n Lourdes Rivero Delgado Vocal","og_url":"https:\/\/biochaco.org\/es_es\/nuestro-directorio\/","og_site_name":"BioChaco","article_modified_time":"2024-06-08T15:41:48+00:00","og_image":[{"url":"https:\/\/biochaco.org\/wp-content\/uploads\/2024\/05\/Ludmila-cropped.png"}],"twitter_card":"summary_large_image","twitter_misc":{"Tiempo de lectura":"2 minutos"},"schema":{"@context":"https:\/\/schema.org","@graph":[{"@type":"WebPage","@id":"https:\/\/biochaco.org\/en\/nuestro-directorio\/","url":"https:\/\/biochaco.org\/en\/nuestro-directorio\/","name":"Nuestro Directorio - BioChaco","isPartOf":{"@id":"https:\/\/biochaco.org\/es_es\/#website"},"primaryImageOfPage":{"@id":"https:\/\/biochaco.org\/en\/nuestro-directorio\/#primaryimage"},"image":{"@id":"https:\/\/biochaco.org\/en\/nuestro-directorio\/#primaryimage"},"thumbnailUrl":"https:\/\/biochaco.org\/wp-content\/uploads\/2024\/05\/Ludmila-cropped.png","datePublished":"2024-05-11T14:01:50+00:00","dateModified":"2024-06-08T15:41:48+00:00","breadcrumb":{"@id":"https:\/\/biochaco.org\/en\/nuestro-directorio\/#breadcrumb"},"inLanguage":"es","potentialAction":[{"@type":"ReadAction","target":["https:\/\/biochaco.org\/en\/nuestro-directorio\/"]}]},{"@type":"ImageObject","inLanguage":"es","@id":"https:\/\/biochaco.org\/en\/nuestro-directorio\/#primaryimage","url":"https:\/\/biochaco.org\/wp-content\/uploads\/2024\/05\/Ludmila-cropped.png","contentUrl":"https:\/\/biochaco.org\/wp-content\/uploads\/2024\/05\/Ludmila-cropped.png","width":360,"height":360},{"@type":"BreadcrumbList","@id":"https:\/\/biochaco.org\/en\/nuestro-directorio\/#breadcrumb","itemListElement":[{"@type":"ListItem","position":1,"name":"Home","item":"https:\/\/biochaco.org\/es_es\/"},{"@type":"ListItem","position":2,"name":"Nuestro Directorio"}]},{"@type":"WebSite","@id":"https:\/\/biochaco.org\/es_es\/#website","url":"https:\/\/biochaco.org\/es_es\/","name":"BioChaco","description":"Fundaci\u00f3n Biodiversidad del Gran Chaco BioChaco Villa Montes","publisher":{"@id":"https:\/\/biochaco.org\/es_es\/#organization"},"potentialAction":[{"@type":"SearchAction","target":{"@type":"EntryPoint","urlTemplate":"https:\/\/biochaco.org\/es_es\/?s={search_term_string}"},"query-input":"required name=search_term_string"}],"inLanguage":"es"},{"@type":"Organization","@id":"https:\/\/biochaco.org\/es_es\/#organization","name":"BioChaco","url":"https:\/\/biochaco.org\/es_es\/","logo":{"@type":"ImageObject","inLanguage":"es","@id":"https:\/\/biochaco.org\/es_es\/#\/schema\/logo\/image\/","url":"https:\/\/biochaco.org\/wp-content\/uploads\/2022\/03\/logo-biochaco-dark.png","contentUrl":"https:\/\/biochaco.org\/wp-content\/uploads\/2022\/03\/logo-biochaco-dark.png","width":350,"height":271,"caption":"BioChaco"},"image":{"@id":"https:\/\/biochaco.org\/es_es\/#\/schema\/logo\/image\/"}}]}},"_links":{"self":[{"href":"https:\/\/biochaco.org\/es_es\/wp-json\/wp\/v2\/pages\/2632","targetHints":{"allow":["GET"]}}],"collection":[{"href":"https:\/\/biochaco.org\/es_es\/wp-json\/wp\/v2\/pages"}],"about":[{"href":"https:\/\/biochaco.org\/es_es\/wp-json\/wp\/v2\/types\/page"}],"author":[{"embeddable":true,"href":"https:\/\/biochaco.org\/es_es\/wp-json\/wp\/v2\/users\/1"}],"replies":[{"embeddable":true,"href":"https:\/\/biochaco.org\/es_es\/wp-json\/wp\/v2\/comments?post=2632"}],"version-history":[{"count":46,"href":"https:\/\/biochaco.org\/es_es\/wp-json\/wp\/v2\/pages\/2632\/revisions"}],"predecessor-version":[{"id":3000,"href":"https:\/\/biochaco.org\/es_es\/wp-json\/wp\/v2\/pages\/2632\/revisions\/3000"}],"wp:attachment":[{"href":"https:\/\/biochaco.org\/es_es\/wp-json\/wp\/v2\/media?parent=2632"}],"curies":[{"name":"wp","href":"https:\/\/api.w.org\/{rel}","templated":true}]}}