{"id":3267,"date":"2024-09-14T19:07:41","date_gmt":"2024-09-14T23:07:41","guid":{"rendered":"https:\/\/biochaco.org\/?page_id=3267"},"modified":"2024-09-24T15:38:09","modified_gmt":"2024-09-24T19:38:09","slug":"aviturismo","status":"publish","type":"page","link":"https:\/\/biochaco.org\/es_es\/aviturismo\/","title":{"rendered":"Aviturismo"},"content":{"rendered":"\t\t<div data-elementor-type=\"wp-page\" data-elementor-id=\"3267\" class=\"elementor elementor-3267\" data-elementor-post-type=\"page\">\n\t\t\t\t<div class=\"elementor-element elementor-element-3dcd0b7 e-flex e-con-boxed e-con e-parent\" data-id=\"3dcd0b7\" data-element_type=\"container\" data-settings=\"{&quot;background_background&quot;:&quot;classic&quot;}\" data-core-v316-plus=\"true\">\n\t\t\t\t\t<div class=\"e-con-inner\">\n\t\t\t\t<div class=\"elementor-element elementor-element-8d79116 elementor-widget elementor-widget-heading\" data-id=\"8d79116\" data-element_type=\"widget\" data-widget_type=\"heading.default\">\n\t\t\t\t<div class=\"elementor-widget-container\">\n\t\t\t<style>\/*! elementor - v3.20.0 - 11-03-2024 *\/\n.elementor-heading-title{padding:0;margin:0;line-height:1}.elementor-widget-heading .elementor-heading-title[class*=elementor-size-]>a{color:inherit;font-size:inherit;line-height:inherit}.elementor-widget-heading .elementor-heading-title.elementor-size-small{font-size:15px}.elementor-widget-heading .elementor-heading-title.elementor-size-medium{font-size:19px}.elementor-widget-heading .elementor-heading-title.elementor-size-large{font-size:29px}.elementor-widget-heading .elementor-heading-title.elementor-size-xl{font-size:39px}.elementor-widget-heading .elementor-heading-title.elementor-size-xxl{font-size:59px}<\/style><h1 class=\"elementor-heading-title elementor-size-default\">BioChaco Tours - Aviturismo<\/h1>\t\t<\/div>\n\t\t\t\t<\/div>\n\t\t\t\t\t<\/div>\n\t\t\t\t<\/div>\n\t\t<div class=\"elementor-element elementor-element-840985a e-flex e-con-boxed e-con e-parent\" data-id=\"840985a\" data-element_type=\"container\" data-settings=\"{&quot;background_background&quot;:&quot;classic&quot;}\" data-core-v316-plus=\"true\">\n\t\t\t\t\t<div class=\"e-con-inner\">\n\t\t<div class=\"elementor-element elementor-element-f095a6a e-con-full e-flex e-con e-child\" data-id=\"f095a6a\" data-element_type=\"container\">\n\t\t\t\t<div class=\"elementor-element elementor-element-a3789e2 elementor-widget elementor-widget-text-editor\" data-id=\"a3789e2\" data-element_type=\"widget\" data-widget_type=\"text-editor.default\">\n\t\t\t\t<div class=\"elementor-widget-container\">\n\t\t\t<style>\/*! elementor - v3.20.0 - 11-03-2024 *\/\n.elementor-widget-text-editor.elementor-drop-cap-view-stacked .elementor-drop-cap{background-color:#69727d;color:#fff}.elementor-widget-text-editor.elementor-drop-cap-view-framed .elementor-drop-cap{color:#69727d;border:3px solid;background-color:transparent}.elementor-widget-text-editor:not(.elementor-drop-cap-view-default) .elementor-drop-cap{margin-top:8px}.elementor-widget-text-editor:not(.elementor-drop-cap-view-default) .elementor-drop-cap-letter{width:1em;height:1em}.elementor-widget-text-editor .elementor-drop-cap{float:left;text-align:center;line-height:1;font-size:50px}.elementor-widget-text-editor .elementor-drop-cap-letter{display:inline-block}<\/style>\t\t\t\t<p>Descubre los singulares paisajes y la vida salvaje del Chaco, con un viaje de exploraci\u00f3n y ecoturismo que apoya a la conservaci\u00f3n de la naturaleza en el Chaco, as\u00ed como a las poblaciones humanas e ind\u00edgenas del lugar.<\/p><p>Bolivia es un pa\u00eds de extraordinaria Biodiversidad para conocer y observar la vida silvestre, cultura, gastronom\u00eda y m\u00fasica tradicional de sus pueblos.<\/p><p>El Chaco es una ecorregi\u00f3n de gran belleza natural, con bosques nativos adaptados al clima extremo, con una fauna diversa desde mam\u00edferos (jaguares, pumas, tigrillos, antas, oso banderas, monos, chanchos de monte), aves end\u00e9micas, reptiles, anfibios, y una rica diversidad de peces en el majestuoso r\u00edo Pilcomayo.<\/p><p>BioChaco Tours, ofrece unas vacaciones inolvidables para los amantes de la vida silvestre, observadores de aves (m\u00e1s de 350 especies registradas) entre ellas variedad de loros, cardenales, chu\u00f1as, charatas, garzas, carpinteros, tero teros, \u00e1guilas, parabas y el Condor Andino Pilcomaye\u00f1o, te garantizan una experiencia viva con su flora, fauna y paisajes incre\u00edbles de mucha adrenalina.<\/p><p>Al visitar nuestros paquetes tur\u00edsticos no solo experimentaras la belleza natural de Bolivia y el Chaco, sino que apoyar\u00e1s directamente a la conservaci\u00f3n de su patrimonio natural y a las poblaciones humanas e ind\u00edgenas protectores de su entorno natural.\u00a0<\/p>\t\t\t\t\t\t<\/div>\n\t\t\t\t<\/div>\n\t\t\t\t<\/div>\n\t\t\t\t\t<\/div>\n\t\t\t\t<\/div>\n\t\t<div class=\"elementor-element elementor-element-f263080 e-flex e-con-boxed e-con e-parent\" data-id=\"f263080\" data-element_type=\"container\" data-core-v316-plus=\"true\">\n\t\t\t\t\t<div class=\"e-con-inner\">\n\t\t\t\t<div class=\"elementor-element elementor-element-cba58bb elementor-grid-eael-col-3 elementor-grid-tablet-eael-col-2 elementor-grid-mobile-eael-col-1 elementor-widget elementor-widget-eael-post-grid\" data-id=\"cba58bb\" data-element_type=\"widget\" data-settings=\"{&quot;eael_post_grid_columns&quot;:&quot;eael-col-3&quot;,&quot;eael_post_grid_columns_tablet&quot;:&quot;eael-col-2&quot;,&quot;eael_post_grid_columns_mobile&quot;:&quot;eael-col-1&quot;}\" data-widget_type=\"eael-post-grid.default\">\n\t\t\t\t<div class=\"elementor-widget-container\">\n\t\t\t<div id=\"eael-post-grid-cba58bb\" class=\"eael-post-grid-container\">\n            <div class=\"eael-post-grid eael-post-appender eael-post-appender-cba58bb eael-post-grid-style-default\" data-layout-mode=\"grid\"><article class=\"eael-grid-post eael-post-grid-column\" data-id=\"3360\">\n        <div class=\"eael-grid-post-holder\">\n            <div class=\"eael-grid-post-holder-inner\"><div class=\"eael-entry-media\"><div class=\"eael-entry-overlay none\"><i class=\"fas fa-long-arrow-alt-right\" aria-hidden=\"true\"><\/i><a href=\"https:\/\/biochaco.org\/es_es\/parque-de-las-aves-la-isla-del-pilcomayo\/\"><\/a><\/div><div class=\"eael-entry-thumbnail eael-image-ratio\">\n                <img fetchpriority=\"high\" decoding=\"async\" width=\"300\" height=\"225\" src=\"https:\/\/biochaco.org\/wp-content\/uploads\/2024\/09\/pajaro_resized-300x225.jpg\" class=\"attachment-medium size-medium wp-image-3362\" alt=\"\" srcset=\"https:\/\/biochaco.org\/wp-content\/uploads\/2024\/09\/pajaro_resized-300x225.jpg 300w, https:\/\/biochaco.org\/wp-content\/uploads\/2024\/09\/pajaro_resized-768x576.jpg 768w, https:\/\/biochaco.org\/wp-content\/uploads\/2024\/09\/pajaro_resized-16x12.jpg 16w, https:\/\/biochaco.org\/wp-content\/uploads\/2024\/09\/pajaro_resized-600x450.jpg 600w, https:\/\/biochaco.org\/wp-content\/uploads\/2024\/09\/pajaro_resized.jpg 900w\" sizes=\"(max-width: 300px) 100vw, 300px\" \/>\n            <\/div>\n        <\/div><div class=\"eael-entry-wrapper\"><header class=\"eael-entry-header\"><h2 class=\"eael-entry-title\"><a\n                        class=\"eael-grid-post-link\"\n                        href=\"https:\/\/biochaco.org\/es_es\/parque-de-las-aves-la-isla-del-pilcomayo\/\"\n                        title=\"Aviturismo en la Isla del Pilcomayo y Costanera\">Aviturismo en la Isla del Pilcomayo<\/a><\/h2><\/header><div class=\"eael-entry-content\">\n                        <div class=\"eael-grid-post-excerpt\"><p>RESE\u00d1A DEL TOUR: Est\u00e1 ubicada en la zona periurbana de la ciudad de Villa Montes, Tarija. Tiene...<\/p><a\n                            href=\"https:\/\/biochaco.org\/es_es\/parque-de-las-aves-la-isla-del-pilcomayo\/\"\n                            class=\"eael-post-elements-readmore-btn\">M\u00e1s Informaci\u00f3n<\/a><\/div>\n                    <\/div><\/div><\/div>\n        <\/div>\n    <\/article><article class=\"eael-grid-post eael-post-grid-column\" data-id=\"3292\">\n        <div class=\"eael-grid-post-holder\">\n            <div class=\"eael-grid-post-holder-inner\"><div class=\"eael-entry-media\"><div class=\"eael-entry-overlay none\"><i class=\"fas fa-long-arrow-alt-right\" aria-hidden=\"true\"><\/i><a href=\"https:\/\/biochaco.org\/es_es\/aviturismo-el-angosto-del-pilcomayo\/\"><\/a><\/div><div class=\"eael-entry-thumbnail eael-image-ratio\">\n                <img decoding=\"async\" width=\"300\" height=\"225\" src=\"https:\/\/biochaco.org\/wp-content\/uploads\/2024\/09\/condor_resized-300x225.jpg\" class=\"attachment-medium size-medium wp-image-3357\" alt=\"\" srcset=\"https:\/\/biochaco.org\/wp-content\/uploads\/2024\/09\/condor_resized-300x225.jpg 300w, https:\/\/biochaco.org\/wp-content\/uploads\/2024\/09\/condor_resized-768x576.jpg 768w, https:\/\/biochaco.org\/wp-content\/uploads\/2024\/09\/condor_resized-16x12.jpg 16w, https:\/\/biochaco.org\/wp-content\/uploads\/2024\/09\/condor_resized-600x450.jpg 600w, https:\/\/biochaco.org\/wp-content\/uploads\/2024\/09\/condor_resized.jpg 900w\" sizes=\"(max-width: 300px) 100vw, 300px\" \/>\n            <\/div>\n        <\/div><div class=\"eael-entry-wrapper\"><header class=\"eael-entry-header\"><h2 class=\"eael-entry-title\"><a\n                        class=\"eael-grid-post-link\"\n                        href=\"https:\/\/biochaco.org\/es_es\/aviturismo-el-angosto-del-pilcomayo\/\"\n                        title=\"Aviturismo el Angosto del Pilcomayo\">Aviturismo el Angosto del Pilcomayo<\/a><\/h2><\/header><div class=\"eael-entry-content\">\n                        <div class=\"eael-grid-post-excerpt\"><p>RESE\u00d1A DEL TOUR: La zona denominada el Angosto del Pilcomayo, cuenta con una distancia de 12 km...<\/p><a\n                            href=\"https:\/\/biochaco.org\/es_es\/aviturismo-el-angosto-del-pilcomayo\/\"\n                            class=\"eael-post-elements-readmore-btn\">M\u00e1s Informaci\u00f3n<\/a><\/div>\n                    <\/div><\/div><\/div>\n        <\/div>\n    <\/article><article class=\"eael-grid-post eael-post-grid-column\" data-id=\"3280\">\n        <div class=\"eael-grid-post-holder\">\n            <div class=\"eael-grid-post-holder-inner\"><div class=\"eael-entry-media\"><div class=\"eael-entry-overlay none\"><i class=\"fas fa-long-arrow-alt-right\" aria-hidden=\"true\"><\/i><a href=\"https:\/\/biochaco.org\/es_es\/aviturismo-en-la-laguna-iguiraru\/\"><\/a><\/div><div class=\"eael-entry-thumbnail eael-image-ratio\">\n                <img decoding=\"async\" width=\"300\" height=\"225\" src=\"https:\/\/biochaco.org\/wp-content\/uploads\/2024\/09\/1643639851306_resized-300x225.jpg\" class=\"attachment-medium size-medium wp-image-3355\" alt=\"\" srcset=\"https:\/\/biochaco.org\/wp-content\/uploads\/2024\/09\/1643639851306_resized-300x225.jpg 300w, https:\/\/biochaco.org\/wp-content\/uploads\/2024\/09\/1643639851306_resized-768x576.jpg 768w, https:\/\/biochaco.org\/wp-content\/uploads\/2024\/09\/1643639851306_resized-16x12.jpg 16w, https:\/\/biochaco.org\/wp-content\/uploads\/2024\/09\/1643639851306_resized-600x450.jpg 600w, https:\/\/biochaco.org\/wp-content\/uploads\/2024\/09\/1643639851306_resized.jpg 900w\" sizes=\"(max-width: 300px) 100vw, 300px\" \/>\n            <\/div>\n        <\/div><div class=\"eael-entry-wrapper\"><header class=\"eael-entry-header\"><h2 class=\"eael-entry-title\"><a\n                        class=\"eael-grid-post-link\"\n                        href=\"https:\/\/biochaco.org\/es_es\/aviturismo-en-la-laguna-iguiraru\/\"\n                        title=\"Aviturismo en la Laguna  Iguiraru\">Aviturismo en la Laguna  Iguiraru<\/a><\/h2><\/header><div class=\"eael-entry-content\">\n                        <div class=\"eael-grid-post-excerpt\"><p>RESE\u00d1A DEL TOUR: Es un humedal permanente de agua dulce, lleno de vegetaci\u00f3n flora y fauna, est\u00e1...<\/p><a\n                            href=\"https:\/\/biochaco.org\/es_es\/aviturismo-en-la-laguna-iguiraru\/\"\n                            class=\"eael-post-elements-readmore-btn\">M\u00e1s Informaci\u00f3n<\/a><\/div>\n                    <\/div><\/div><\/div>\n        <\/div>\n    <\/article><\/div>\n            <div class=\"clearfix\"><\/div>\n        <\/div>\t\t<\/div>\n\t\t\t\t<\/div>\n\t\t\t\t\t<\/div>\n\t\t\t\t<\/div>\n\t\t<div class=\"elementor-element elementor-element-3ef42f0 e-flex e-con-boxed e-con e-parent\" data-id=\"3ef42f0\" data-element_type=\"container\" data-core-v316-plus=\"true\">\n\t\t\t\t\t<div class=\"e-con-inner\">\n\t\t\t\t<div class=\"elementor-element elementor-element-9a43b37 elementor-widget elementor-widget-text-editor\" data-id=\"9a43b37\" data-element_type=\"widget\" data-widget_type=\"text-editor.default\">\n\t\t\t\t<div class=\"elementor-widget-container\">\n\t\t\t\t\t\t\t<p><strong>Reserve sus vacaciones<\/strong><\/p><p>Para conocer el Chaco, los servicios que ofrece y disfrutar de los paquetes ecotur\u00edsticos que tiene debes hacer tus consultas y reservas directamente con el equipo de BioChaco Tours que se especializa en la observaci\u00f3n de aves, la vida silvestre y fotograf\u00eda de naturaleza. Para discutir todas las posibilidades, p\u00f3ngase en contacto con nosotros para que nuestro equipo pueda ayudarle a planear unas vacaciones de observaci\u00f3n de la fauna \u00fanicas en \u00e9l Chaco.<\/p><p><strong>Contactos:<\/strong><\/p><p>M\u00f3vil: <a href=\"https:\/\/wa.me\/59167755000\">(591) 67755000<\/a><\/p><p>M\u00f3vil: <a href=\"https:\/\/wa.me\/59167396666\">(591) 67396666<\/a><\/p>\t\t\t\t\t\t<\/div>\n\t\t\t\t<\/div>\n\t\t\t\t\t<\/div>\n\t\t\t\t<\/div>\n\t\t\t\t<\/div>\n\t\t","protected":false},"excerpt":{"rendered":"<p>BioChaco Tours &#8211; Aviturismo Descubre los singulares paisajes y la vida salvaje del Chaco, con un viaje de exploraci\u00f3n y ecoturismo que apoya a la conservaci\u00f3n de la naturaleza en el Chaco, as\u00ed como a las poblaciones humanas e ind\u00edgenas del lugar. Bolivia es un pa\u00eds de extraordinaria Biodiversidad para conocer y observar la vida [&hellip;]<\/p>\n","protected":false},"author":1,"featured_media":0,"parent":0,"menu_order":0,"comment_status":"closed","ping_status":"closed","template":"","meta":{"site-sidebar-layout":"no-sidebar","site-content-layout":"page-builder","ast-site-content-layout":"full-width-container","site-content-style":"default","site-sidebar-style":"default","ast-global-header-display":"","ast-banner-title-visibility":"","ast-main-header-display":"","ast-hfb-above-header-display":"","ast-hfb-below-header-display":"","ast-hfb-mobile-header-display":"","site-post-title":"disabled","ast-breadcrumbs-content":"","ast-featured-img":"disabled","footer-sml-layout":"","theme-transparent-header-meta":"","adv-header-id-meta":"","stick-header-meta":"","header-above-stick-meta":"","header-main-stick-meta":"","header-below-stick-meta":"","astra-migrate-meta-layouts":"set","ast-page-background-enabled":"default","ast-page-background-meta":{"desktop":{"background-color":"var(--ast-global-color-4)","background-image":"","background-repeat":"repeat","background-position":"center center","background-size":"auto","background-attachment":"scroll","background-type":"","background-media":"","overlay-type":"","overlay-color":"","overlay-gradient":""},"tablet":{"background-color":"","background-image":"","background-repeat":"repeat","background-position":"center center","background-size":"auto","background-attachment":"scroll","background-type":"","background-media":"","overlay-type":"","overlay-color":"","overlay-gradient":""},"mobile":{"background-color":"","background-image":"","background-repeat":"repeat","background-position":"center center","background-size":"auto","background-attachment":"scroll","background-type":"","background-media":"","overlay-type":"","overlay-color":"","overlay-gradient":""}},"ast-content-background-meta":{"desktop":{"background-color":"var(--ast-global-color-5)","background-image":"","background-repeat":"repeat","background-position":"center center","background-size":"auto","background-attachment":"scroll","background-type":"","background-media":"","overlay-type":"","overlay-color":"","overlay-gradient":""},"tablet":{"background-color":"var(--ast-global-color-5)","background-image":"","background-repeat":"repeat","background-position":"center center","background-size":"auto","background-attachment":"scroll","background-type":"","background-media":"","overlay-type":"","overlay-color":"","overlay-gradient":""},"mobile":{"background-color":"var(--ast-global-color-5)","background-image":"","background-repeat":"repeat","background-position":"center center","background-size":"auto","background-attachment":"scroll","background-type":"","background-media":"","overlay-type":"","overlay-color":"","overlay-gradient":""}},"footnotes":""},"class_list":["post-3267","page","type-page","status-publish","hentry"],"yoast_head":"<!-- This site is optimized with the Yoast SEO plugin v22.3 - https:\/\/yoast.com\/wordpress\/plugins\/seo\/ -->\n<title>Aviturismo - BioChaco<\/title>\n<meta name=\"robots\" content=\"index, follow, max-snippet:-1, max-image-preview:large, max-video-preview:-1\" \/>\n<link rel=\"canonical\" href=\"https:\/\/biochaco.org\/es_es\/aviturismo\/\" \/>\n<meta property=\"og:locale\" content=\"es_ES\" \/>\n<meta property=\"og:type\" content=\"article\" \/>\n<meta property=\"og:title\" content=\"Aviturismo - BioChaco\" \/>\n<meta property=\"og:description\" content=\"BioChaco Tours &#8211; Aviturismo Descubre los singulares paisajes y la vida salvaje del Chaco, con un viaje de exploraci\u00f3n y ecoturismo que apoya a la conservaci\u00f3n de la naturaleza en el Chaco, as\u00ed como a las poblaciones humanas e ind\u00edgenas del lugar. Bolivia es un pa\u00eds de extraordinaria Biodiversidad para conocer y observar la vida [&hellip;]\" \/>\n<meta property=\"og:url\" content=\"https:\/\/biochaco.org\/es_es\/aviturismo\/\" \/>\n<meta property=\"og:site_name\" content=\"BioChaco\" \/>\n<meta property=\"article:modified_time\" content=\"2024-09-24T19:38:09+00:00\" \/>\n<meta property=\"og:image\" content=\"https:\/\/biochaco.org\/wp-content\/uploads\/2024\/09\/pajaro_resized-300x225.jpg\" \/>\n<meta name=\"twitter:card\" content=\"summary_large_image\" \/>\n<meta name=\"twitter:label1\" content=\"Tiempo de lectura\" \/>\n\t<meta name=\"twitter:data1\" content=\"3 minutos\" \/>\n<script type=\"application\/ld+json\" class=\"yoast-schema-graph\">{\"@context\":\"https:\/\/schema.org\",\"@graph\":[{\"@type\":\"WebPage\",\"@id\":\"https:\/\/biochaco.org\/en\/aviturismo\/\",\"url\":\"https:\/\/biochaco.org\/en\/aviturismo\/\",\"name\":\"Aviturismo - BioChaco\",\"isPartOf\":{\"@id\":\"https:\/\/biochaco.org\/es_es\/#website\"},\"primaryImageOfPage\":{\"@id\":\"https:\/\/biochaco.org\/en\/aviturismo\/#primaryimage\"},\"image\":{\"@id\":\"https:\/\/biochaco.org\/en\/aviturismo\/#primaryimage\"},\"thumbnailUrl\":\"https:\/\/biochaco.org\/wp-content\/uploads\/2024\/09\/pajaro_resized-300x225.jpg\",\"datePublished\":\"2024-09-14T23:07:41+00:00\",\"dateModified\":\"2024-09-24T19:38:09+00:00\",\"breadcrumb\":{\"@id\":\"https:\/\/biochaco.org\/en\/aviturismo\/#breadcrumb\"},\"inLanguage\":\"es\",\"potentialAction\":[{\"@type\":\"ReadAction\",\"target\":[\"https:\/\/biochaco.org\/en\/aviturismo\/\"]}]},{\"@type\":\"ImageObject\",\"inLanguage\":\"es\",\"@id\":\"https:\/\/biochaco.org\/en\/aviturismo\/#primaryimage\",\"url\":\"https:\/\/biochaco.org\/wp-content\/uploads\/2024\/09\/pajaro_resized.jpg\",\"contentUrl\":\"https:\/\/biochaco.org\/wp-content\/uploads\/2024\/09\/pajaro_resized.jpg\",\"width\":900,\"height\":675},{\"@type\":\"BreadcrumbList\",\"@id\":\"https:\/\/biochaco.org\/en\/aviturismo\/#breadcrumb\",\"itemListElement\":[{\"@type\":\"ListItem\",\"position\":1,\"name\":\"Home\",\"item\":\"https:\/\/biochaco.org\/es_es\/\"},{\"@type\":\"ListItem\",\"position\":2,\"name\":\"Aviturismo\"}]},{\"@type\":\"WebSite\",\"@id\":\"https:\/\/biochaco.org\/es_es\/#website\",\"url\":\"https:\/\/biochaco.org\/es_es\/\",\"name\":\"BioChaco\",\"description\":\"Fundaci\u00f3n Biodiversidad del Gran Chaco BioChaco Villa Montes\",\"publisher\":{\"@id\":\"https:\/\/biochaco.org\/es_es\/#organization\"},\"potentialAction\":[{\"@type\":\"SearchAction\",\"target\":{\"@type\":\"EntryPoint\",\"urlTemplate\":\"https:\/\/biochaco.org\/es_es\/?s={search_term_string}\"},\"query-input\":\"required name=search_term_string\"}],\"inLanguage\":\"es\"},{\"@type\":\"Organization\",\"@id\":\"https:\/\/biochaco.org\/es_es\/#organization\",\"name\":\"BioChaco\",\"url\":\"https:\/\/biochaco.org\/es_es\/\",\"logo\":{\"@type\":\"ImageObject\",\"inLanguage\":\"es\",\"@id\":\"https:\/\/biochaco.org\/es_es\/#\/schema\/logo\/image\/\",\"url\":\"https:\/\/biochaco.org\/wp-content\/uploads\/2022\/03\/logo-biochaco-dark.png\",\"contentUrl\":\"https:\/\/biochaco.org\/wp-content\/uploads\/2022\/03\/logo-biochaco-dark.png\",\"width\":350,\"height\":271,\"caption\":\"BioChaco\"},\"image\":{\"@id\":\"https:\/\/biochaco.org\/es_es\/#\/schema\/logo\/image\/\"}}]}<\/script>\n<!-- \/ Yoast SEO plugin. -->","yoast_head_json":{"title":"Aviturismo - BioChaco","robots":{"index":"index","follow":"follow","max-snippet":"max-snippet:-1","max-image-preview":"max-image-preview:large","max-video-preview":"max-video-preview:-1"},"canonical":"https:\/\/biochaco.org\/es_es\/aviturismo\/","og_locale":"es_ES","og_type":"article","og_title":"Aviturismo - BioChaco","og_description":"BioChaco Tours &#8211; Aviturismo Descubre los singulares paisajes y la vida salvaje del Chaco, con un viaje de exploraci\u00f3n y ecoturismo que apoya a la conservaci\u00f3n de la naturaleza en el Chaco, as\u00ed como a las poblaciones humanas e ind\u00edgenas del lugar. Bolivia es un pa\u00eds de extraordinaria Biodiversidad para conocer y observar la vida [&hellip;]","og_url":"https:\/\/biochaco.org\/es_es\/aviturismo\/","og_site_name":"BioChaco","article_modified_time":"2024-09-24T19:38:09+00:00","og_image":[{"url":"https:\/\/biochaco.org\/wp-content\/uploads\/2024\/09\/pajaro_resized-300x225.jpg"}],"twitter_card":"summary_large_image","twitter_misc":{"Tiempo de lectura":"3 minutos"},"schema":{"@context":"https:\/\/schema.org","@graph":[{"@type":"WebPage","@id":"https:\/\/biochaco.org\/en\/aviturismo\/","url":"https:\/\/biochaco.org\/en\/aviturismo\/","name":"Aviturismo - BioChaco","isPartOf":{"@id":"https:\/\/biochaco.org\/es_es\/#website"},"primaryImageOfPage":{"@id":"https:\/\/biochaco.org\/en\/aviturismo\/#primaryimage"},"image":{"@id":"https:\/\/biochaco.org\/en\/aviturismo\/#primaryimage"},"thumbnailUrl":"https:\/\/biochaco.org\/wp-content\/uploads\/2024\/09\/pajaro_resized-300x225.jpg","datePublished":"2024-09-14T23:07:41+00:00","dateModified":"2024-09-24T19:38:09+00:00","breadcrumb":{"@id":"https:\/\/biochaco.org\/en\/aviturismo\/#breadcrumb"},"inLanguage":"es","potentialAction":[{"@type":"ReadAction","target":["https:\/\/biochaco.org\/en\/aviturismo\/"]}]},{"@type":"ImageObject","inLanguage":"es","@id":"https:\/\/biochaco.org\/en\/aviturismo\/#primaryimage","url":"https:\/\/biochaco.org\/wp-content\/uploads\/2024\/09\/pajaro_resized.jpg","contentUrl":"https:\/\/biochaco.org\/wp-content\/uploads\/2024\/09\/pajaro_resized.jpg","width":900,"height":675},{"@type":"BreadcrumbList","@id":"https:\/\/biochaco.org\/en\/aviturismo\/#breadcrumb","itemListElement":[{"@type":"ListItem","position":1,"name":"Home","item":"https:\/\/biochaco.org\/es_es\/"},{"@type":"ListItem","position":2,"name":"Aviturismo"}]},{"@type":"WebSite","@id":"https:\/\/biochaco.org\/es_es\/#website","url":"https:\/\/biochaco.org\/es_es\/","name":"BioChaco","description":"Fundaci\u00f3n Biodiversidad del Gran Chaco BioChaco Villa Montes","publisher":{"@id":"https:\/\/biochaco.org\/es_es\/#organization"},"potentialAction":[{"@type":"SearchAction","target":{"@type":"EntryPoint","urlTemplate":"https:\/\/biochaco.org\/es_es\/?s={search_term_string}"},"query-input":"required name=search_term_string"}],"inLanguage":"es"},{"@type":"Organization","@id":"https:\/\/biochaco.org\/es_es\/#organization","name":"BioChaco","url":"https:\/\/biochaco.org\/es_es\/","logo":{"@type":"ImageObject","inLanguage":"es","@id":"https:\/\/biochaco.org\/es_es\/#\/schema\/logo\/image\/","url":"https:\/\/biochaco.org\/wp-content\/uploads\/2022\/03\/logo-biochaco-dark.png","contentUrl":"https:\/\/biochaco.org\/wp-content\/uploads\/2022\/03\/logo-biochaco-dark.png","width":350,"height":271,"caption":"BioChaco"},"image":{"@id":"https:\/\/biochaco.org\/es_es\/#\/schema\/logo\/image\/"}}]}},"_links":{"self":[{"href":"https:\/\/biochaco.org\/es_es\/wp-json\/wp\/v2\/pages\/3267","targetHints":{"allow":["GET"]}}],"collection":[{"href":"https:\/\/biochaco.org\/es_es\/wp-json\/wp\/v2\/pages"}],"about":[{"href":"https:\/\/biochaco.org\/es_es\/wp-json\/wp\/v2\/types\/page"}],"author":[{"embeddable":true,"href":"https:\/\/biochaco.org\/es_es\/wp-json\/wp\/v2\/users\/1"}],"replies":[{"embeddable":true,"href":"https:\/\/biochaco.org\/es_es\/wp-json\/wp\/v2\/comments?post=3267"}],"version-history":[{"count":10,"href":"https:\/\/biochaco.org\/es_es\/wp-json\/wp\/v2\/pages\/3267\/revisions"}],"predecessor-version":[{"id":3392,"href":"https:\/\/biochaco.org\/es_es\/wp-json\/wp\/v2\/pages\/3267\/revisions\/3392"}],"wp:attachment":[{"href":"https:\/\/biochaco.org\/es_es\/wp-json\/wp\/v2\/media?parent=3267"}],"curies":[{"name":"wp","href":"https:\/\/api.w.org\/{rel}","templated":true}]}}